{"id":11877,"date":"2022-11-04T12:13:33","date_gmt":"2022-11-04T11:13:33","guid":{"rendered":"https:\/\/pacifique.ch\/devenir-membre\/"},"modified":"2023-02-15T14:50:25","modified_gmt":"2023-02-15T13:50:25","slug":"become-a-member","status":"publish","type":"page","link":"https:\/\/pacifique.ch\/en\/become-a-member\/","title":{"rendered":"Become a member"},"content":{"rendered":"<p><div class=\"fusion-fullwidth fullwidth-box fusion-builder-row-1 fusion-parallax-none hundred-percent-fullwidth non-hundred-percent-height-scrolling lazyload\" style=\"--awb-border-radius-top-left:0px;--awb-border-radius-top-right:0px;--awb-border-radius-bottom-right:0px;--awb-border-radius-bottom-left:0px;--awb-margin-bottom:4%;--awb-background-size:cover;--awb-flex-wrap:wrap;\" data-bg=\"https:\/\/pacifique.ch\/wp-content\/uploads\/2022\/11\/Devenir-membre.jpg\" ><div class=\"fusion-builder-row fusion-row\"><div class=\"fusion-layout-column fusion_builder_column fusion-builder-column-0 fusion_builder_column_1_1 1_1 fusion-one-full fusion-column-first fusion-column-last\" style=\"--awb-bg-size:cover;\"><div class=\"fusion-column-wrapper fusion-column-has-shadow fusion-flex-column-wrapper-legacy\"><div class=\"fusion-sep-clear\"><\/div><div class=\"fusion-separator fusion-full-width-sep\" style=\"margin-left: auto;margin-right: auto;margin-top:100px;margin-bottom:100px;width:100%;\"><div class=\"fusion-separator-border sep-single\" style=\"--awb-height:20px;--awb-amount:20px;border-color:#000000;border-top-width:0px;\"><\/div><\/div><div class=\"fusion-sep-clear\"><\/div><div class=\"fusion-text fusion-text-1\"><h1 style=\"text-align: center;\">BECOME A MEMBER<\/h1>\n<\/div><div class=\"fusion-sep-clear\"><\/div><div class=\"fusion-separator fusion-full-width-sep\" style=\"margin-left: auto;margin-right: auto;margin-top:100px;margin-bottom:100px;width:100%;\"><div class=\"fusion-separator-border sep-single\" style=\"--awb-height:20px;--awb-amount:20px;border-color:#000000;border-top-width:0px;\"><\/div><\/div><div class=\"fusion-sep-clear\"><\/div><div class=\"fusion-clearfix\"><\/div><\/div><\/div><\/div><\/div><div class=\"fusion-fullwidth fullwidth-box fusion-builder-row-2 fusion-flex-container nonhundred-percent-fullwidth non-hundred-percent-height-scrolling\" style=\"--awb-border-radius-top-left:0px;--awb-border-radius-top-right:0px;--awb-border-radius-bottom-right:0px;--awb-border-radius-bottom-left:0px;--awb-flex-wrap:wrap;\" ><div class=\"fusion-builder-row fusion-row fusion-flex-align-items-flex-start fusion-flex-content-wrap\" style=\"max-width:calc( 1280px + );margin-left: calc(- \/ 2 );margin-right: calc(- \/ 2 );\"><div class=\"fusion-layout-column fusion_builder_column fusion-builder-column-1 fusion_builder_column_1_1 1_1 fusion-flex-column\" style=\"--awb-padding-top:5%;--awb-padding-bottom:5%;--awb-bg-size:cover;--awb-width-large:100%;--awb-margin-top-large:0px;--awb-margin-bottom-large:0px;--awb-width-medium:100%;--awb-order-medium:0;--awb-width-small:100%;--awb-order-small:0;\"><div class=\"fusion-column-wrapper fusion-column-has-shadow fusion-flex-justify-content-flex-start fusion-content-layout-column\"><div class=\"fusion-text fusion-text-2 fusion-text-no-margin\" style=\"--awb-margin-bottom:4%;\"><h2>Why become a member<\/h2>\n<\/div><div class=\"fusion-text fusion-text-3\"><p>Becoming a member of the Pacifique Association means :<\/p>\n<ul>\n<li>support the scientific, socio-educational and awareness-raising activities carried out on board our two sailboats<\/li>\n<li>be given priority for places on board the boats during the sailings<em> (as long as places are available)<\/em><\/li>\n<li>be invited to our various events, in particular our monthly barbecues at the Fil du Rh\u00f4ne<\/li>\n<li>vote at the general assembly to contribute to the decisions on the activities carried out on board the sailboats<\/li>\n<li>to help occasionally during the different events<\/li>\n<\/ul>\n<\/div><\/div><\/div><\/div><\/div><div class=\"fusion-fullwidth fullwidth-box fusion-builder-row-3 nonhundred-percent-fullwidth non-hundred-percent-height-scrolling\" style=\"--awb-border-radius-top-left:0px;--awb-border-radius-top-right:0px;--awb-border-radius-bottom-right:0px;--awb-border-radius-bottom-left:0px;--awb-margin-top:50px;--awb-flex-wrap:wrap;\" ><div class=\"fusion-builder-row fusion-row\"><div class=\"fusion-layout-column fusion_builder_column fusion-builder-column-2 fusion_builder_column_2_3 2_3 fusion-two-third fusion-column-first\" style=\"--awb-padding-top:2%;--awb-padding-right:2%;--awb-padding-bottom:2%;--awb-padding-left:2%;--awb-overflow:hidden;--awb-bg-color:#0f3547;--awb-bg-color-hover:#0f3547;--awb-bg-size:cover;--awb-border-radius:1% 1% 1% 1%;width:66.666666666667%;width:calc(66.666666666667% - ( ( 4% ) * 0.66666666666667 ) );margin-right: 4%;\"><div class=\"fusion-column-wrapper fusion-column-has-shadow fusion-flex-column-wrapper-legacy\"><div class=\"fusion-text fusion-text-4\"><h2><span style=\"color: #ffffff;\">Become a member<\/span><\/h2>\n<\/div><div class=\"fusion-sep-clear\"><\/div><div class=\"fusion-separator fusion-full-width-sep\" style=\"margin-left: auto;margin-right: auto;margin-top:30px;width:100%;\"><div class=\"fusion-separator-border sep-single\" style=\"--awb-height:20px;--awb-amount:20px;border-color:#000000;border-top-width:0px;\"><\/div><\/div><div class=\"fusion-sep-clear\"><\/div><div class=\"fusion-form fusion-form-builder fusion-form-form-wrapper fusion-form-11336\" style=\"--awb-tooltip-text-color:#ffffff;--awb-tooltip-background-color:#ffffff;--awb-form-label-color:#ffffff;--awb-form-border-radius:3px;\" data-form-id=\"11336\" data-config=\"{&quot;form_id&quot;:11336,&quot;form_post_id&quot;:11336,&quot;post_id&quot;:11877,&quot;form_type&quot;:&quot;ajax&quot;,&quot;confirmation_type&quot;:&quot;message&quot;,&quot;redirect_url&quot;:&quot;&quot;,&quot;redirect_timeout&quot;:&quot;0&quot;,&quot;field_labels&quot;:{&quot;entreprise&quot;:&quot;&quot;,&quot;prenom&quot;:&quot;&quot;,&quot;nom&quot;:&quot;&quot;,&quot;adresse&quot;:&quot;&quot;,&quot;ville&quot;:&quot;&quot;,&quot;telephone&quot;:&quot;&quot;,&quot;email&quot;:&quot;&quot;,&quot;cotisation&quot;:&quot;Choix de la cotisation&quot;,&quot;newsletter&quot;:&quot;Inscription \\u00e0 la newsletter de Pacifique&quot;},&quot;field_logics&quot;:{&quot;entreprise&quot;:&quot;&quot;,&quot;prenom&quot;:&quot;&quot;,&quot;nom&quot;:&quot;&quot;,&quot;adresse&quot;:&quot;&quot;,&quot;ville&quot;:&quot;&quot;,&quot;telephone&quot;:&quot;&quot;,&quot;email&quot;:&quot;&quot;,&quot;cotisation&quot;:&quot;&quot;,&quot;newsletter&quot;:&quot;&quot;,&quot;submit_1&quot;:&quot;&quot;,&quot;notice_1&quot;:&quot;&quot;},&quot;field_types&quot;:{&quot;entreprise&quot;:&quot;text&quot;,&quot;prenom&quot;:&quot;text&quot;,&quot;nom&quot;:&quot;text&quot;,&quot;adresse&quot;:&quot;text&quot;,&quot;ville&quot;:&quot;text&quot;,&quot;telephone&quot;:&quot;phone_number&quot;,&quot;email&quot;:&quot;email&quot;,&quot;cotisation&quot;:&quot;radio&quot;,&quot;newsletter&quot;:&quot;radio&quot;,&quot;submit_1&quot;:&quot;submit&quot;,&quot;notice_1&quot;:&quot;notice&quot;},&quot;nonce_method&quot;:&quot;ajax&quot;,&quot;form_views&quot;:&quot;ajax&quot;,&quot;form_views_counting&quot;:&quot;all&quot;}\"><form action=\"https:\/\/pacifique.ch\/en\/become-a-member\/\" method=\"post\" class=\"fusion-form fusion-form-11336\"><div class=\"fusion-fullwidth fullwidth-box fusion-builder-row-3-1 fusion-flex-container nonhundred-percent-fullwidth non-hundred-percent-height-scrolling\" style=\"--awb-border-radius-top-left:0px;--awb-border-radius-top-right:0px;--awb-border-radius-bottom-right:0px;--awb-border-radius-bottom-left:0px;--awb-flex-wrap:wrap;\" ><div class=\"fusion-builder-row fusion-row fusion-flex-align-items-flex-start fusion-flex-content-wrap\" style=\"width:calc( 100% + ) !important;max-width:calc( 100% + ) !important;margin-left: calc(- \/ 2 );margin-right: calc(- \/ 2 );\"><div class=\"fusion-layout-column fusion_builder_column fusion-builder-column-3 fusion_builder_column_1_1 1_1 fusion-flex-column\" style=\"--awb-bg-size:cover;--awb-width-large:100%;--awb-flex-grow:0;--awb-flex-shrink:0;--awb-margin-top-large:0px;--awb-margin-bottom-large:0px;--awb-width-medium:100%;--awb-order-medium:0;--awb-flex-grow-medium:0;--awb-flex-shrink-medium:0;--awb-width-small:100%;--awb-order-small:0;--awb-flex-grow-small:0;--awb-flex-shrink-small:0;\"><div class=\"fusion-column-wrapper fusion-column-has-shadow fusion-flex-justify-content-flex-start fusion-content-layout-column\"><div class=\"fusion-form-field fusion-form-text-field fusion-form-label-above\" style=\"\" data-form-id=\"11336\"><input type=\"text\" autocomplete=\"off\" name=\"entreprise\" id=\"entreprise\" value=\"\"  class=\"fusion-form-input\" placeholder=\"Entreprise (facultatif) \" data-holds-private-data=\"false\" minlength=\"0\"\/><\/div><div class=\"fusion-form-field fusion-form-text-field fusion-form-label-above\" style=\"\" data-form-id=\"11336\"><input type=\"text\" autocomplete=\"off\" name=\"prenom\" id=\"prenom\" value=\"\"  class=\"fusion-form-input\" required=\"true\" aria-required=\"true\" placeholder=\"Votre pr\u00e9nom *\" data-holds-private-data=\"false\" minlength=\"0\"\/><\/div><div class=\"fusion-form-field fusion-form-text-field fusion-form-label-above\" style=\"\" data-form-id=\"11336\"><input type=\"text\" autocomplete=\"off\" name=\"nom\" id=\"nom\" value=\"\"  class=\"fusion-form-input\" required=\"true\" aria-required=\"true\" placeholder=\"Votre nom *\" data-holds-private-data=\"false\" minlength=\"0\"\/><\/div><div class=\"fusion-form-field fusion-form-text-field fusion-form-label-above\" style=\"\" data-form-id=\"11336\"><input type=\"text\" autocomplete=\"off\" name=\"adresse\" id=\"adresse\" value=\"\"  class=\"fusion-form-input\" required=\"true\" aria-required=\"true\" placeholder=\"Votre adresse *\" data-holds-private-data=\"false\" minlength=\"0\"\/><\/div><div class=\"fusion-form-field fusion-form-text-field fusion-form-label-above\" style=\"\" data-form-id=\"11336\"><input type=\"text\" autocomplete=\"off\" name=\"ville\" id=\"ville\" value=\"\"  class=\"fusion-form-input\" required=\"true\" aria-required=\"true\" placeholder=\"NPA, ville *\" data-holds-private-data=\"false\" minlength=\"0\"\/><\/div><div class=\"fusion-form-field fusion-form-phone-number-field fusion-form-label-above\" style=\"\" data-form-id=\"11336\"><div class=\"fusion-form-input-with-icon\"><i class=\"awb-form-icon fa-phone-square-alt fas\"><\/i><input type=\"tel\" autocomplete=\"off\" name=\"telephone\" id=\"telephone\" value=\"\"  class=\"fusion-form-input\" required=\"true\" aria-required=\"true\" placeholder=\"Votre num\u00e9ro de t\u00e9l\u00e9phone *\" data-holds-private-data=\"false\"\/><\/div><\/div><div class=\"fusion-form-field fusion-form-email-field fusion-form-label-above\" style=\"\" data-form-id=\"11336\"><input type=\"email\" autocomplete=\"off\" name=\"email\" id=\"email\" value=\"\"  class=\"fusion-form-input\" required=\"true\" aria-required=\"true\" placeholder=\"Votre email *\" data-holds-private-data=\"false\"\/><\/div><div class=\"fusion-form-field fusion-form-radio-field fusion-form-label-above\" style=\"\" data-form-id=\"11336\"><fieldset><legend class=\"fusion-form-label-wrapper\"><span class=\"label\">Choix de la cotisation <abbr class=\"fusion-form-element-required\" title=\"required\">*<\/abbr><\/span><\/legend><div class=\"fusion-form-radio\"><input tabindex=\"\" id=\"radio-cotisation-1-0\" type=\"radio\" value=\"Membre individuel | CHF 50.-\" name=\"cotisation\" class=\"fusion-form-input\" required=\"true\" aria-required=\"true\" data-holds-private-data=\"false\"\/><label for=\"radio-cotisation-1-0\">Membre individuel | CHF 50.-<\/label><\/div><div class=\"fusion-form-radio\"><input tabindex=\"\" id=\"radio-cotisation-1-1\" type=\"radio\" value=\"Membre famille | CHF 120.-\" name=\"cotisation\" class=\"fusion-form-input\" required=\"true\" aria-required=\"true\" data-holds-private-data=\"false\"\/><label for=\"radio-cotisation-1-1\">Membre famille | CHF 120.-<\/label><\/div><div class=\"fusion-form-radio\"><input tabindex=\"\" id=\"radio-cotisation-1-2\" type=\"radio\" value=\"Membre groupe et entreprise | CHF 300.-\" name=\"cotisation\" class=\"fusion-form-input\" required=\"true\" aria-required=\"true\" data-holds-private-data=\"false\"\/><label for=\"radio-cotisation-1-2\">Membre groupe et entreprise | CHF 300.-<\/label><\/div><\/fieldset><\/div><div class=\"fusion-form-field fusion-form-radio-field fusion-form-label-above\" style=\"\" data-form-id=\"11336\"><fieldset><legend class=\"fusion-form-label-wrapper\"><span class=\"label\">Inscription \u00e0 la newsletter de Pacifique <abbr class=\"fusion-form-element-required\" title=\"required\">*<\/abbr><\/span><\/legend><div class=\"fusion-form-radio option-inline\"><input tabindex=\"\" id=\"radio-newsletter-2-0\" type=\"radio\" value=\"Oui\" name=\"newsletter\" class=\"fusion-form-input\" required=\"true\" aria-required=\"true\" data-holds-private-data=\"false\"\/><label for=\"radio-newsletter-2-0\">Oui<\/label><\/div><div class=\"fusion-form-radio option-inline\"><input tabindex=\"\" id=\"radio-newsletter-2-1\" type=\"radio\" value=\"Non\" name=\"newsletter\" class=\"fusion-form-input\" required=\"true\" aria-required=\"true\" data-holds-private-data=\"false\"\/><label for=\"radio-newsletter-2-1\">Non<\/label><\/div><\/fieldset><\/div><div class=\"fusion-form-field fusion-form-submit-field fusion-form-label-above\" style=\"\" data-form-id=\"11336\"><div ><button type=\"submit\" class=\"fusion-button button-flat fusion-button-default-size button-custom fusion-button-default button-1 fusion-button-span-yes  button-default form-form-submit\" style=\"--button_accent_color:var(--awb-color4);--button_accent_hover_color:var(--awb-color4);--button_border_hover_color:#000000;--button_gradient_top_color:#0f3547;--button_gradient_bottom_color:#0f3547;--button_gradient_top_color_hover:#007790;--button_gradient_bottom_color_hover:#007790;--button_text_transform:none;\" data-form-number=\"11336\" tabindex=\"\"><span class=\"fusion-button-text awb-button__text awb-button__text--default\">Submit<\/span><\/button><\/div><\/div><div class=\"form-submission-notices data-notice_1\" id=\"fusion-notices-1\" data-instance=\"1\"><div class=\"fusion-alert alert success alert-success fusion-alert-center fusion-form-response fusion-form-response-success fusion-alert-capitalize awb-alert-native-link-color alert-dismissable awb-alert-close-boxed\" style=\"--awb-margin-top:2%;\" role=\"alert\"><div class=\"fusion-alert-content-wrapper\"><span class=\"alert-icon\"><i class=\"awb-icon-check-circle\" aria-hidden=\"true\"><\/i><\/span><span class=\"fusion-alert-content\">Nous vous remercions chaleureusement pour votre soutien envers Pacifique et sommes tr\u00e8s heureux de vous compter parmi nos membres.\n\nNous avons h\u00e2te de vous voir lors de nos prochaines grillades au bord du Rh\u00f4ne ou pourquoi pas \u00e0 bord de nos voiliers ...<\/span><\/div><button type=\"button\" class=\"close toggle-alert\" data-dismiss=\"alert\" aria-label=\"Close\">&times;<\/button><\/div><div class=\"fusion-alert alert error alert-danger fusion-alert-center fusion-form-response fusion-form-response-error fusion-alert-capitalize awb-alert-native-link-color alert-dismissable awb-alert-close-boxed\" style=\"--awb-margin-top:2%;\" role=\"alert\"><div class=\"fusion-alert-content-wrapper\"><span class=\"alert-icon\"><i class=\"awb-icon-exclamation-triangle\" aria-hidden=\"true\"><\/i><\/span><span class=\"fusion-alert-content\">Votre message n'a pas \u00e9t\u00e9 envoy\u00e9, merci de r\u00e9essayer plus tard<\/span><\/div><button type=\"button\" class=\"close toggle-alert\" data-dismiss=\"alert\" aria-label=\"Close\">&times;<\/button><\/div><\/div><\/div><\/div><\/div><\/div><\/form><\/div><div class=\"fusion-clearfix\"><\/div><\/div><\/div><div class=\"fusion-layout-column fusion_builder_column fusion-builder-column-4 fusion_builder_column_1_3 1_3 fusion-one-third fusion-column-last\" style=\"--awb-bg-size:cover;width:33.333333333333%;width:calc(33.333333333333% - ( ( 4% ) * 0.33333333333333 ) );\"><div class=\"fusion-column-wrapper fusion-column-has-shadow fusion-flex-column-wrapper-legacy\"><div class=\"fusion-text fusion-text-5 fusion-text-no-margin\" style=\"--awb-margin-bottom:4%;\"><h2>Payment Information<\/h2>\n<\/div><div class=\"fusion-image-element fusion-no-small-visibility in-legacy-container\" style=\"--awb-margin-bottom:2%;--awb-caption-title-font-family:var(--h2_typography-font-family);--awb-caption-title-font-weight:var(--h2_typography-font-weight);--awb-caption-title-font-style:var(--h2_typography-font-style);--awb-caption-title-size:var(--h2_typography-font-size);--awb-caption-title-transform:var(--h2_typography-text-transform);--awb-caption-title-line-height:var(--h2_typography-line-height);--awb-caption-title-letter-spacing:var(--h2_typography-letter-spacing);\"><span class=\" fusion-imageframe imageframe-none imageframe-1 hover-type-none\"><img decoding=\"async\" width=\"1080\" height=\"607\" alt=\"Devenir-membre-QR\" title=\"Devenir-membre-QR\" src=\"https:\/\/pacifique.ch\/wp-content\/uploads\/2022\/11\/Devenir-membre-QR.jpg\" data-orig-src=\"https:\/\/pacifique.ch\/wp-content\/uploads\/2022\/11\/Devenir-membre-QR.jpg\" class=\"lazyload img-responsive wp-image-11370\" srcset=\"data:image\/svg+xml,%3Csvg%20xmlns%3D%27http%3A%2F%2Fwww.w3.org%2F2000%2Fsvg%27%20width%3D%271080%27%20height%3D%27607%27%20viewBox%3D%270%200%201080%20607%27%3E%3Crect%20width%3D%271080%27%20height%3D%27607%27%20fill-opacity%3D%220%22%2F%3E%3C%2Fsvg%3E\" data-srcset=\"https:\/\/pacifique.ch\/wp-content\/uploads\/2022\/11\/Devenir-membre-QR-200x112.jpg 200w, https:\/\/pacifique.ch\/wp-content\/uploads\/2022\/11\/Devenir-membre-QR-400x225.jpg 400w, https:\/\/pacifique.ch\/wp-content\/uploads\/2022\/11\/Devenir-membre-QR-600x337.jpg 600w, https:\/\/pacifique.ch\/wp-content\/uploads\/2022\/11\/Devenir-membre-QR-800x450.jpg 800w, https:\/\/pacifique.ch\/wp-content\/uploads\/2022\/11\/Devenir-membre-QR.jpg 1080w\" data-sizes=\"auto\" data-orig-sizes=\"(max-width: 800px) 100vw, 600px\" \/><\/span><\/div><div class=\"fusion-text fusion-text-6\"><p><b>Pacifique Association bank details:<\/b><br \/>\nIBAN : CH80 0900 0000 1750 3860 1<br \/>\nAssociation Pacifique<br \/>\nRue de Veyrier 9bis<br \/>\n1227 Carouge GE<\/p>\n<\/div><div class=\"fusion-sep-clear\"><\/div><div class=\"fusion-separator fusion-full-width-sep\" style=\"margin-left: auto;margin-right: auto;margin-top:4%;width:100%;\"><div class=\"fusion-separator-border sep-single\" style=\"--awb-height:20px;--awb-amount:20px;border-color:#000000;border-top-width:0px;\"><\/div><\/div><div class=\"fusion-sep-clear\"><\/div><div class=\"fusion-clearfix\"><\/div><\/div><\/div><\/div><\/div><\/p>\n","protected":false},"excerpt":{"rendered":"","protected":false},"author":4,"featured_media":11340,"parent":0,"menu_order":0,"comment_status":"closed","ping_status":"closed","template":"100-width.php","meta":{"footnotes":""},"class_list":["post-11877","page","type-page","status-publish","has-post-thumbnail","hentry"],"_links":{"self":[{"href":"https:\/\/pacifique.ch\/en\/wp-json\/wp\/v2\/pages\/11877","targetHints":{"allow":["GET"]}}],"collection":[{"href":"https:\/\/pacifique.ch\/en\/wp-json\/wp\/v2\/pages"}],"about":[{"href":"https:\/\/pacifique.ch\/en\/wp-json\/wp\/v2\/types\/page"}],"author":[{"embeddable":true,"href":"https:\/\/pacifique.ch\/en\/wp-json\/wp\/v2\/users\/4"}],"replies":[{"embeddable":true,"href":"https:\/\/pacifique.ch\/en\/wp-json\/wp\/v2\/comments?post=11877"}],"version-history":[{"count":0,"href":"https:\/\/pacifique.ch\/en\/wp-json\/wp\/v2\/pages\/11877\/revisions"}],"wp:featuredmedia":[{"embeddable":true,"href":"https:\/\/pacifique.ch\/en\/wp-json\/wp\/v2\/media\/11340"}],"wp:attachment":[{"href":"https:\/\/pacifique.ch\/en\/wp-json\/wp\/v2\/media?parent=11877"}],"curies":[{"name":"wp","href":"https:\/\/api.w.org\/{rel}","templated":true}]}}