{"id":15569,"date":"2025-06-19T14:23:43","date_gmt":"2025-06-19T12:23:43","guid":{"rendered":"https:\/\/pacifique.ch\/?page_id=15569"},"modified":"2025-06-19T14:23:44","modified_gmt":"2025-06-19T12:23:44","slug":"exhibitions","status":"publish","type":"page","link":"https:\/\/pacifique.ch\/en\/art-raising-awareness\/exhibitions\/","title":{"rendered":"Exhibitions"},"content":{"rendered":"<p><div class=\"fusion-fullwidth fullwidth-box fusion-builder-row-1 has-pattern-background has-mask-background fusion-parallax-none hundred-percent-fullwidth non-hundred-percent-height-scrolling lazyload\" style=\"--awb-border-radius-top-left:0px;--awb-border-radius-top-right:0px;--awb-border-radius-bottom-right:0px;--awb-border-radius-bottom-left:0px;--awb-background-size:cover;--awb-flex-wrap:wrap;\" data-bg=\"https:\/\/pacifique.ch\/wp-content\/uploads\/2025\/03\/Exposition-Magellan.jpg\" ><div class=\"fusion-builder-row fusion-row\"><div class=\"fusion-layout-column fusion_builder_column fusion-builder-column-0 fusion_builder_column_1_1 1_1 fusion-one-full fusion-column-first fusion-column-last\" style=\"--awb-bg-size:cover;\"><div class=\"fusion-column-wrapper fusion-column-has-shadow fusion-flex-column-wrapper-legacy\"><div class=\"fusion-sep-clear\"><\/div><div class=\"fusion-separator fusion-full-width-sep\" style=\"margin-left: auto;margin-right: auto;margin-top:100px;margin-bottom:100px;width:100%;\"><div class=\"fusion-separator-border sep-single\" style=\"--awb-height:20px;--awb-amount:20px;border-color:#000000;border-top-width:0px;\"><\/div><\/div><div class=\"fusion-sep-clear\"><\/div><div class=\"fusion-text fusion-text-1\"><h1 style=\"text-align: center;\">EXHIBITIONS<\/h1>\n<\/div><div class=\"fusion-sep-clear\"><\/div><div class=\"fusion-separator fusion-full-width-sep\" style=\"margin-left: auto;margin-right: auto;margin-top:100px;margin-bottom:100px;width:100%;\"><div class=\"fusion-separator-border sep-single\" style=\"--awb-height:20px;--awb-amount:20px;border-color:#000000;border-top-width:0px;\"><\/div><\/div><div class=\"fusion-sep-clear\"><\/div><div class=\"fusion-clearfix\"><\/div><\/div><\/div><\/div><\/div><div class=\"fusion-fullwidth fullwidth-box fusion-builder-row-2 fusion-flex-container has-pattern-background has-mask-background nonhundred-percent-fullwidth non-hundred-percent-height-scrolling\" style=\"--awb-border-radius-top-left:0px;--awb-border-radius-top-right:0px;--awb-border-radius-bottom-right:0px;--awb-border-radius-bottom-left:0px;--awb-padding-top:15%;--awb-padding-bottom:5%;--awb-background-color:rgba(119,184,205,0.06);--awb-flex-wrap:wrap;\" ><div class=\"fusion-builder-row fusion-row fusion-flex-align-items-flex-start fusion-flex-justify-content-center fusion-flex-content-wrap\" style=\"max-width:calc( 1280px + 60px );margin-left: calc(-60px \/ 2 );margin-right: calc(-60px \/ 2 );\"><div class=\"fusion-layout-column fusion_builder_column fusion-builder-column-1 fusion_builder_column_1_2 1_2 fusion-flex-column\" style=\"--awb-bg-size:cover;--awb-width-large:50%;--awb-margin-top-large:0px;--awb-spacing-right-large:30px;--awb-margin-bottom-large:0px;--awb-spacing-left-large:30px;--awb-width-medium:100%;--awb-order-medium:0;--awb-spacing-right-medium:30px;--awb-spacing-left-medium:30px;--awb-width-small:100%;--awb-order-small:0;--awb-spacing-right-small:30px;--awb-spacing-left-small:30px;\"><div class=\"fusion-column-wrapper fusion-column-has-shadow fusion-flex-justify-content-flex-start fusion-content-layout-column\"><div class=\"fusion-text fusion-text-2 fusion-text-no-margin\" style=\"--awb-content-alignment:left;--awb-line-height:10px;--awb-margin-bottom:5%;\"><h4 class=\"fusion-responsive-typography-calculated\" style=\"--fontsize: 50; line-height: 1.2;\" data-fontsize=\"50\" data-lineheight=\"60px\">2019<\/h4>\n<h2>&#8220;In the plastic footsteps of Magellan&#8221;<\/h2>\n<\/div><div class=\"fusion-text fusion-text-3 fusion-text-no-margin\" style=\"--awb-content-alignment:justify;--awb-margin-bottom:5%;\"><p>&#8220;The graphic and photographic installation proposed by the Fondation Pacifique and the Oceaneye association tells a small part of this nightmarish story that has only just begun: the colonisation of the world by plastic. It sheds light on the ambivalence of our relationship with this material, which has become an indispensable part of our everyday lives. Under the eye of Geneva photographer Fred Merz, these magnified fragments of microplastic are astonishing, in their profusion of shapes and shimmering colours. Do they not belong to the plant world? Animal? Mineral?<\/p>\n<p>No, they are indeed plastic debris, found in almost every one of the 208 seawater samples collected by the Fleur de Passion sailing boat and analysed by e Oceaneye biologists as part of The Ocean Mapping Expedition, a four-and-a-half year round-the-world voyage in the wake of Magellan, from April 2015 to September 2019.&#8221;<\/p>\n<\/div><div class=\"fusion-text fusion-text-4 fusion-text-no-margin\" style=\"--awb-content-alignment:justify;--awb-margin-bottom:5%;\"><p>After an initial installation in 2019 at the Th\u00e9\u00e2tre de l&#8217;Orangerie, the exhibition was offered to students at Coll\u00e8ge Voltaire, and in 2020 the scenography was reproduced by students at the Centre de Formation Professionnelle Arts (CFP Arts) in Geneva as part of a practical workshop.<\/p>\n<\/div><\/div><\/div><div class=\"fusion-layout-column fusion_builder_column fusion-builder-column-2 fusion_builder_column_1_2 1_2 fusion-flex-column fusion-flex-align-self-flex-start\" style=\"--awb-bg-color:rgba(119,184,205,0);--awb-bg-color-hover:rgba(119,184,205,0);--awb-bg-size:cover;--awb-width-large:50%;--awb-margin-top-large:0px;--awb-spacing-right-large:30px;--awb-margin-bottom-large:0px;--awb-spacing-left-large:30px;--awb-width-medium:100%;--awb-order-medium:0;--awb-spacing-right-medium:30px;--awb-spacing-left-medium:30px;--awb-width-small:100%;--awb-order-small:0;--awb-spacing-right-small:30px;--awb-spacing-left-small:30px;\" data-scroll-devices=\"small-visibility,medium-visibility,large-visibility\"><div class=\"fusion-column-wrapper fusion-column-has-shadow fusion-flex-justify-content-flex-start fusion-content-layout-column\"><div class=\"fusion-image-element \" style=\"--awb-margin-bottom:5%;--awb-caption-title-font-family:var(--h2_typography-font-family);--awb-caption-title-font-weight:var(--h2_typography-font-weight);--awb-caption-title-font-style:var(--h2_typography-font-style);--awb-caption-title-size:var(--h2_typography-font-size);--awb-caption-title-transform:var(--h2_typography-text-transform);--awb-caption-title-line-height:var(--h2_typography-line-height);--awb-caption-title-letter-spacing:var(--h2_typography-letter-spacing);\"><span class=\" fusion-imageframe imageframe-none imageframe-1 hover-type-none\"><img decoding=\"async\" width=\"1280\" height=\"657\" title=\"Expo-Plastique-Magellan\" src=\"https:\/\/pacifique.ch\/wp-content\/uploads\/2025\/04\/Expo-Plastique-Magellan.jpg\" data-orig-src=\"https:\/\/pacifique.ch\/wp-content\/uploads\/2025\/04\/Expo-Plastique-Magellan.jpg\" class=\"lazyload img-responsive wp-image-15436\" srcset=\"data:image\/svg+xml,%3Csvg%20xmlns%3D%27http%3A%2F%2Fwww.w3.org%2F2000%2Fsvg%27%20width%3D%271280%27%20height%3D%27657%27%20viewBox%3D%270%200%201280%20657%27%3E%3Crect%20width%3D%271280%27%20height%3D%27657%27%20fill-opacity%3D%220%22%2F%3E%3C%2Fsvg%3E\" data-srcset=\"https:\/\/pacifique.ch\/wp-content\/uploads\/2025\/04\/Expo-Plastique-Magellan-200x103.jpg 200w, https:\/\/pacifique.ch\/wp-content\/uploads\/2025\/04\/Expo-Plastique-Magellan-400x205.jpg 400w, https:\/\/pacifique.ch\/wp-content\/uploads\/2025\/04\/Expo-Plastique-Magellan-600x308.jpg 600w, https:\/\/pacifique.ch\/wp-content\/uploads\/2025\/04\/Expo-Plastique-Magellan-800x411.jpg 800w, https:\/\/pacifique.ch\/wp-content\/uploads\/2025\/04\/Expo-Plastique-Magellan-1200x616.jpg 1200w, https:\/\/pacifique.ch\/wp-content\/uploads\/2025\/04\/Expo-Plastique-Magellan.jpg 1280w\" data-sizes=\"auto\" data-orig-sizes=\"(max-width: 1080px) 100vw, (max-width: 640px) 100vw, 800px\" data-orig- alt=\"-pacifique\"><\/span><\/div><div class=\"fusion-slider-sc\"><div class=\"fusion-flexslider-loading flexslider flexslider-hover-type-none\" data-slideshow_autoplay=\"1\" data-slideshow_smooth_height=\"0\" data-slideshow_speed=\"7000\" style=\"max-width:100%;height:100%;\"><ul class=\"slides\"><li class=\"image\"><span class=\"lazyload fusion-image-hover-element hover-type-none\"><img decoding=\"async\" src=\"https:\/\/pacifique.ch\/wp-content\/uploads\/2025\/04\/Expo-Plastique-Magellan-1.jpg\" data-orig-src=\"https:\/\/pacifique.ch\/wp-content\/uploads\/2025\/04\/Expo-Plastique-Magellan-1.jpg\" width=\"1080\" height=\"810\" class=\"lazyload wp-image-15437\" srcset=\"data:image\/svg+xml,%3Csvg%20xmlns%3D%27http%3A%2F%2Fwww.w3.org%2F2000%2Fsvg%27%20width%3D%271080%27%20height%3D%27810%27%20viewBox%3D%270%200%201080%20810%27%3E%3Crect%20width%3D%271080%27%20height%3D%27810%27%20fill-opacity%3D%220%22%2F%3E%3C%2Fsvg%3E\" data-srcset=\"https:\/\/pacifique.ch\/wp-content\/uploads\/2025\/04\/Expo-Plastique-Magellan-1-200x150.jpg 200w, https:\/\/pacifique.ch\/wp-content\/uploads\/2025\/04\/Expo-Plastique-Magellan-1-400x300.jpg 400w, https:\/\/pacifique.ch\/wp-content\/uploads\/2025\/04\/Expo-Plastique-Magellan-1-600x450.jpg 600w, https:\/\/pacifique.ch\/wp-content\/uploads\/2025\/04\/Expo-Plastique-Magellan-1-800x600.jpg 800w, https:\/\/pacifique.ch\/wp-content\/uploads\/2025\/04\/Expo-Plastique-Magellan-1.jpg 1080w\" data-sizes=\"auto\" data-orig-sizes=\"(max-width: 1080px) 100vw, (max-width: 640px) 100vw, 800px\" data-orig- alt=\"-pacifique\"><\/span><\/li><li class=\"image\"><span class=\"lazyload fusion-image-hover-element hover-type-none\"><img decoding=\"async\" src=\"https:\/\/pacifique.ch\/wp-content\/uploads\/2025\/04\/Expo-Plastique-Magellan-2.jpg\" data-orig-src=\"https:\/\/pacifique.ch\/wp-content\/uploads\/2025\/04\/Expo-Plastique-Magellan-2.jpg\" width=\"1080\" height=\"810\" class=\"lazyload wp-image-15439\" srcset=\"data:image\/svg+xml,%3Csvg%20xmlns%3D%27http%3A%2F%2Fwww.w3.org%2F2000%2Fsvg%27%20width%3D%271080%27%20height%3D%27810%27%20viewBox%3D%270%200%201080%20810%27%3E%3Crect%20width%3D%271080%27%20height%3D%27810%27%20fill-opacity%3D%220%22%2F%3E%3C%2Fsvg%3E\" data-srcset=\"https:\/\/pacifique.ch\/wp-content\/uploads\/2025\/04\/Expo-Plastique-Magellan-2-200x150.jpg 200w, https:\/\/pacifique.ch\/wp-content\/uploads\/2025\/04\/Expo-Plastique-Magellan-2-400x300.jpg 400w, https:\/\/pacifique.ch\/wp-content\/uploads\/2025\/04\/Expo-Plastique-Magellan-2-600x450.jpg 600w, https:\/\/pacifique.ch\/wp-content\/uploads\/2025\/04\/Expo-Plastique-Magellan-2-800x600.jpg 800w, https:\/\/pacifique.ch\/wp-content\/uploads\/2025\/04\/Expo-Plastique-Magellan-2.jpg 1080w\" data-sizes=\"auto\" data-orig-sizes=\"(max-width: 1080px) 100vw, (max-width: 640px) 100vw, 800px\" data-orig- alt=\"-pacifique\"><\/span><\/li><li class=\"image\"><span class=\"lazyload fusion-image-hover-element hover-type-none\"><img decoding=\"async\" src=\"https:\/\/pacifique.ch\/wp-content\/uploads\/2025\/04\/Expo-Plastique-Magellan-3.jpg\" data-orig-src=\"https:\/\/pacifique.ch\/wp-content\/uploads\/2025\/04\/Expo-Plastique-Magellan-3.jpg\" width=\"1080\" height=\"810\" class=\"lazyload wp-image-15441\" srcset=\"data:image\/svg+xml,%3Csvg%20xmlns%3D%27http%3A%2F%2Fwww.w3.org%2F2000%2Fsvg%27%20width%3D%271080%27%20height%3D%27810%27%20viewBox%3D%270%200%201080%20810%27%3E%3Crect%20width%3D%271080%27%20height%3D%27810%27%20fill-opacity%3D%220%22%2F%3E%3C%2Fsvg%3E\" data-srcset=\"https:\/\/pacifique.ch\/wp-content\/uploads\/2025\/04\/Expo-Plastique-Magellan-3-200x150.jpg 200w, https:\/\/pacifique.ch\/wp-content\/uploads\/2025\/04\/Expo-Plastique-Magellan-3-400x300.jpg 400w, https:\/\/pacifique.ch\/wp-content\/uploads\/2025\/04\/Expo-Plastique-Magellan-3-600x450.jpg 600w, https:\/\/pacifique.ch\/wp-content\/uploads\/2025\/04\/Expo-Plastique-Magellan-3-800x600.jpg 800w, https:\/\/pacifique.ch\/wp-content\/uploads\/2025\/04\/Expo-Plastique-Magellan-3.jpg 1080w\" data-sizes=\"auto\" data-orig-sizes=\"(max-width: 1080px) 100vw, (max-width: 640px) 100vw, 800px\" data-orig- alt=\"-pacifique\"><\/span><\/li><\/ul><\/div><\/div><\/div><\/div><\/div><\/div><div class=\"fusion-fullwidth fullwidth-box fusion-builder-row-3 fusion-flex-container has-pattern-background has-mask-background nonhundred-percent-fullwidth non-hundred-percent-height-scrolling\" style=\"--awb-border-radius-top-left:0px;--awb-border-radius-top-right:0px;--awb-border-radius-bottom-right:0px;--awb-border-radius-bottom-left:0px;--awb-background-color:rgba(119,184,205,0.06);--awb-flex-wrap:wrap;\" ><div class=\"fusion-builder-row fusion-row fusion-flex-align-items-flex-start fusion-flex-content-wrap\" style=\"max-width:calc( 1280px + );margin-left: calc(- \/ 2 );margin-right: calc(- \/ 2 );\"><div class=\"fusion-layout-column fusion_builder_column fusion-builder-column-3 fusion_builder_column_1_1 1_1 fusion-flex-column\" style=\"--awb-bg-size:cover;--awb-width-large:100%;--awb-margin-top-large:0px;--awb-margin-bottom-large:0px;--awb-width-medium:100%;--awb-order-medium:0;--awb-width-small:100%;--awb-order-small:0;\"><div class=\"fusion-column-wrapper fusion-column-has-shadow fusion-flex-justify-content-flex-start fusion-content-layout-column\"><div class=\"fusion-separator\" style=\"align-self: center;margin-left: auto;margin-right: auto;margin-top:3%;margin-bottom:3%;width:100%;max-width:50%;\"><div class=\"fusion-separator-border sep-single sep-dotted\" style=\"--awb-height:20px;--awb-amount:20px;--awb-sep-color:rgba(15,53,71,0.3);border-color:rgba(15,53,71,0.3);border-top-width:1px;\"><\/div><\/div><\/div><\/div><\/div><\/div><div class=\"fusion-fullwidth fullwidth-box fusion-builder-row-4 fusion-flex-container has-pattern-background has-mask-background nonhundred-percent-fullwidth non-hundred-percent-height-scrolling\" style=\"--awb-border-radius-top-left:0px;--awb-border-radius-top-right:0px;--awb-border-radius-bottom-right:0px;--awb-border-radius-bottom-left:0px;--awb-padding-top:10%;--awb-padding-bottom:5%;--awb-background-color:rgba(119,184,205,0.06);--awb-flex-wrap:wrap;\" ><div class=\"fusion-builder-row fusion-row fusion-flex-align-items-flex-start fusion-flex-justify-content-center fusion-flex-content-wrap\" style=\"max-width:calc( 1280px + 60px );margin-left: calc(-60px \/ 2 );margin-right: calc(-60px \/ 2 );\"><div class=\"fusion-layout-column fusion_builder_column fusion-builder-column-4 fusion_builder_column_1_2 1_2 fusion-flex-column\" style=\"--awb-bg-size:cover;--awb-width-large:50%;--awb-margin-top-large:0px;--awb-spacing-right-large:30px;--awb-margin-bottom-large:0px;--awb-spacing-left-large:30px;--awb-width-medium:100%;--awb-order-medium:0;--awb-spacing-right-medium:30px;--awb-spacing-left-medium:30px;--awb-width-small:100%;--awb-order-small:0;--awb-spacing-right-small:30px;--awb-spacing-left-small:30px;\"><div class=\"fusion-column-wrapper fusion-column-has-shadow fusion-flex-justify-content-flex-start fusion-content-layout-column\"><div class=\"fusion-text fusion-text-5 fusion-text-no-margin\" style=\"--awb-content-alignment:left;--awb-line-height:10px;--awb-margin-bottom:5%;\"><h4 class=\"fusion-responsive-typography-calculated\" style=\"--fontsize: 50; line-height: 1.2;\" data-fontsize=\"50\" data-lineheight=\"60px\">2017<\/h4>\n<h2>&#8220;Our spice island&#8221;<\/h2>\n<\/div><div class=\"fusion-text fusion-text-6 fusion-text-no-margin\" style=\"--awb-content-alignment:justify;--awb-margin-bottom:5%;\"><p>&#8220;Some 500 years after Ferdinand Magellan, what is our spice island? Not literally, but figuratively. In a world of increasingly scarce resources, what material, but also and above all spiritual, riches do we need to discover if we are to rethink our relationship with the planet sea in a viable and sustainable way? To reinvent peaceful links between our fellow human beings?<\/p>\n<p>The \u2018Our Spice Island\u2019 exhibition invites you to come on board The Ocean Mapping Expedition, a 4-year (2015-2019) round-the-world sailing expedition in the wake of the famous Portuguese navigator, combining science, education and culture. It offers food for thought for this unique expedition, in a game of mirrors between past and present, present and future.<\/p>\n<p>Setting off in the wake of Magellan is, in a way, a return to the spirit of the great explorations and discoveries of past centuries, which continue to capture the imagination. But we must be careful not to create a fantasised, idealised representation of them. Nor is it a question of reproducing a chapter in human history that belongs to a bygone era.<\/p>\n<p>Magellan&#8217;s expedition (1519-1522) is, on the contrary, a pretext for setting off to observe the oceans as they are today. In this way, The Ocean Mapping Expedition is an opportunity to question our world today, and to reflect on environmental issues and mankind&#8217;s relationship with planet Earth in the light of a number of major timeless themes: the quest for knowledge and discovery, but also the capacity not to know or not to want to know; access to wealth and its distribution; the spirit of territorial, commercial, cultural and ideological conquest that we find so hard to shake off; the irrepressible quest for power and domination; or, on the contrary, the quest for a better way of living together, the utopian dream of a world at peace, disarmed as Fleur de Passion, the expedition sailboat at the centre of today&#8217;s adventure, once was. &#8221;<\/p>\n<\/div><div class=\"fusion-text fusion-text-7 fusion-text-no-margin\" style=\"--awb-content-alignment:justify;--awb-margin-bottom:5%;\"><p>On show from September 2017 to January 2018 at the Biblioth\u00e8que de la Cit\u00e9 in Geneva, the exhibition was then presented at the General Archives of India in Seville in 2019, at the end of the Fleur de Passion&#8217;s round-the-world voyage.<\/p>\n<\/div><\/div><\/div><div class=\"fusion-layout-column fusion_builder_column fusion-builder-column-5 fusion_builder_column_1_2 1_2 fusion-flex-column fusion-flex-align-self-flex-start\" style=\"--awb-bg-color:rgba(119,184,205,0);--awb-bg-color-hover:rgba(119,184,205,0);--awb-bg-size:cover;--awb-width-large:50%;--awb-margin-top-large:0px;--awb-spacing-right-large:30px;--awb-margin-bottom-large:0px;--awb-spacing-left-large:30px;--awb-width-medium:100%;--awb-order-medium:0;--awb-spacing-right-medium:30px;--awb-spacing-left-medium:30px;--awb-width-small:100%;--awb-order-small:0;--awb-spacing-right-small:30px;--awb-spacing-left-small:30px;\" data-scroll-devices=\"small-visibility,medium-visibility,large-visibility\"><div class=\"fusion-column-wrapper fusion-column-has-shadow fusion-flex-justify-content-flex-start fusion-content-layout-column\"><div class=\"fusion-image-element \" style=\"--awb-margin-bottom:5%;--awb-caption-title-font-family:var(--h2_typography-font-family);--awb-caption-title-font-weight:var(--h2_typography-font-weight);--awb-caption-title-font-style:var(--h2_typography-font-style);--awb-caption-title-size:var(--h2_typography-font-size);--awb-caption-title-transform:var(--h2_typography-text-transform);--awb-caption-title-line-height:var(--h2_typography-line-height);--awb-caption-title-letter-spacing:var(--h2_typography-letter-spacing);\"><span class=\" fusion-imageframe imageframe-none imageframe-2 hover-type-none\"><img decoding=\"async\" width=\"1080\" height=\"539\" title=\"464953668_8604553223007737_6512923284311488440_n\" src=\"https:\/\/pacifique.ch\/wp-content\/uploads\/2025\/04\/464953668_8604553223007737_6512923284311488440_n.png\" data-orig-src=\"https:\/\/pacifique.ch\/wp-content\/uploads\/2025\/04\/464953668_8604553223007737_6512923284311488440_n.png\" class=\"lazyload img-responsive wp-image-15462\" srcset=\"data:image\/svg+xml,%3Csvg%20xmlns%3D%27http%3A%2F%2Fwww.w3.org%2F2000%2Fsvg%27%20width%3D%271080%27%20height%3D%27539%27%20viewBox%3D%270%200%201080%20539%27%3E%3Crect%20width%3D%271080%27%20height%3D%27539%27%20fill-opacity%3D%220%22%2F%3E%3C%2Fsvg%3E\" data-srcset=\"https:\/\/pacifique.ch\/wp-content\/uploads\/2025\/04\/464953668_8604553223007737_6512923284311488440_n-200x100.png 200w, https:\/\/pacifique.ch\/wp-content\/uploads\/2025\/04\/464953668_8604553223007737_6512923284311488440_n-400x200.png 400w, https:\/\/pacifique.ch\/wp-content\/uploads\/2025\/04\/464953668_8604553223007737_6512923284311488440_n-600x299.png 600w, https:\/\/pacifique.ch\/wp-content\/uploads\/2025\/04\/464953668_8604553223007737_6512923284311488440_n-800x399.png 800w, https:\/\/pacifique.ch\/wp-content\/uploads\/2025\/04\/464953668_8604553223007737_6512923284311488440_n.png 1080w\" data-sizes=\"auto\" data-orig-sizes=\"(max-width: 1080px) 100vw, (max-width: 640px) 100vw, 800px\" data-orig- alt=\"-pacifique\"><\/span><\/div><div class=\"fusion-slider-sc\"><div class=\"fusion-flexslider-loading flexslider flexslider-hover-type-none\" data-slideshow_autoplay=\"1\" data-slideshow_smooth_height=\"0\" data-slideshow_speed=\"7000\" style=\"max-width:100%;height:100%;\"><ul class=\"slides\"><li class=\"image\"><span class=\"lazyload fusion-image-hover-element hover-type-none\"><img decoding=\"async\" src=\"https:\/\/pacifique.ch\/wp-content\/uploads\/2025\/04\/Expo-ile-epices1.jpg\" data-orig-src=\"https:\/\/pacifique.ch\/wp-content\/uploads\/2025\/04\/Expo-ile-epices1.jpg\" width=\"1080\" height=\"810\" class=\"lazyload wp-image-15463\" srcset=\"data:image\/svg+xml,%3Csvg%20xmlns%3D%27http%3A%2F%2Fwww.w3.org%2F2000%2Fsvg%27%20width%3D%271080%27%20height%3D%27810%27%20viewBox%3D%270%200%201080%20810%27%3E%3Crect%20width%3D%271080%27%20height%3D%27810%27%20fill-opacity%3D%220%22%2F%3E%3C%2Fsvg%3E\" data-srcset=\"https:\/\/pacifique.ch\/wp-content\/uploads\/2025\/04\/Expo-ile-epices1-200x150.jpg 200w, https:\/\/pacifique.ch\/wp-content\/uploads\/2025\/04\/Expo-ile-epices1-400x300.jpg 400w, https:\/\/pacifique.ch\/wp-content\/uploads\/2025\/04\/Expo-ile-epices1-600x450.jpg 600w, https:\/\/pacifique.ch\/wp-content\/uploads\/2025\/04\/Expo-ile-epices1-800x600.jpg 800w, https:\/\/pacifique.ch\/wp-content\/uploads\/2025\/04\/Expo-ile-epices1.jpg 1080w\" data-sizes=\"auto\" data-orig-sizes=\"(max-width: 1080px) 100vw, (max-width: 640px) 100vw, 800px\" data-orig- alt=\"-pacifique\"><\/span><\/li><li class=\"image\"><span class=\"lazyload fusion-image-hover-element hover-type-none\"><img decoding=\"async\" src=\"https:\/\/pacifique.ch\/wp-content\/uploads\/2025\/04\/Expo-ile-epices2.jpg\" data-orig-src=\"https:\/\/pacifique.ch\/wp-content\/uploads\/2025\/04\/Expo-ile-epices2.jpg\" width=\"1080\" height=\"810\" class=\"lazyload wp-image-15467\" srcset=\"data:image\/svg+xml,%3Csvg%20xmlns%3D%27http%3A%2F%2Fwww.w3.org%2F2000%2Fsvg%27%20width%3D%271080%27%20height%3D%27810%27%20viewBox%3D%270%200%201080%20810%27%3E%3Crect%20width%3D%271080%27%20height%3D%27810%27%20fill-opacity%3D%220%22%2F%3E%3C%2Fsvg%3E\" data-srcset=\"https:\/\/pacifique.ch\/wp-content\/uploads\/2025\/04\/Expo-ile-epices2-200x150.jpg 200w, https:\/\/pacifique.ch\/wp-content\/uploads\/2025\/04\/Expo-ile-epices2-400x300.jpg 400w, https:\/\/pacifique.ch\/wp-content\/uploads\/2025\/04\/Expo-ile-epices2-600x450.jpg 600w, https:\/\/pacifique.ch\/wp-content\/uploads\/2025\/04\/Expo-ile-epices2-800x600.jpg 800w, https:\/\/pacifique.ch\/wp-content\/uploads\/2025\/04\/Expo-ile-epices2.jpg 1080w\" data-sizes=\"auto\" data-orig-sizes=\"(max-width: 1080px) 100vw, (max-width: 640px) 100vw, 800px\" data-orig- alt=\"-pacifique\"><\/span><\/li><li class=\"image\"><span class=\"lazyload fusion-image-hover-element hover-type-none\"><img decoding=\"async\" src=\"https:\/\/pacifique.ch\/wp-content\/uploads\/2025\/04\/Expo-ile-epices3.jpg\" data-orig-src=\"https:\/\/pacifique.ch\/wp-content\/uploads\/2025\/04\/Expo-ile-epices3.jpg\" width=\"1080\" height=\"810\" class=\"lazyload wp-image-15465\" srcset=\"data:image\/svg+xml,%3Csvg%20xmlns%3D%27http%3A%2F%2Fwww.w3.org%2F2000%2Fsvg%27%20width%3D%271080%27%20height%3D%27810%27%20viewBox%3D%270%200%201080%20810%27%3E%3Crect%20width%3D%271080%27%20height%3D%27810%27%20fill-opacity%3D%220%22%2F%3E%3C%2Fsvg%3E\" data-srcset=\"https:\/\/pacifique.ch\/wp-content\/uploads\/2025\/04\/Expo-ile-epices3-200x150.jpg 200w, https:\/\/pacifique.ch\/wp-content\/uploads\/2025\/04\/Expo-ile-epices3-400x300.jpg 400w, https:\/\/pacifique.ch\/wp-content\/uploads\/2025\/04\/Expo-ile-epices3-600x450.jpg 600w, https:\/\/pacifique.ch\/wp-content\/uploads\/2025\/04\/Expo-ile-epices3-800x600.jpg 800w, https:\/\/pacifique.ch\/wp-content\/uploads\/2025\/04\/Expo-ile-epices3.jpg 1080w\" data-sizes=\"auto\" data-orig-sizes=\"(max-width: 1080px) 100vw, (max-width: 640px) 100vw, 800px\" data-orig- alt=\"-pacifique\"><\/span><\/li><\/ul><\/div><\/div><\/div><\/div><\/div><\/div><\/p>\n","protected":false},"excerpt":{"rendered":"","protected":false},"author":4,"featured_media":15438,"parent":15563,"menu_order":0,"comment_status":"closed","ping_status":"closed","template":"100-width.php","meta":{"footnotes":""},"class_list":["post-15569","page","type-page","status-publish","has-post-thumbnail","hentry"],"_links":{"self":[{"href":"https:\/\/pacifique.ch\/en\/wp-json\/wp\/v2\/pages\/15569","targetHints":{"allow":["GET"]}}],"collection":[{"href":"https:\/\/pacifique.ch\/en\/wp-json\/wp\/v2\/pages"}],"about":[{"href":"https:\/\/pacifique.ch\/en\/wp-json\/wp\/v2\/types\/page"}],"author":[{"embeddable":true,"href":"https:\/\/pacifique.ch\/en\/wp-json\/wp\/v2\/users\/4"}],"replies":[{"embeddable":true,"href":"https:\/\/pacifique.ch\/en\/wp-json\/wp\/v2\/comments?post=15569"}],"version-history":[{"count":3,"href":"https:\/\/pacifique.ch\/en\/wp-json\/wp\/v2\/pages\/15569\/revisions"}],"predecessor-version":[{"id":15572,"href":"https:\/\/pacifique.ch\/en\/wp-json\/wp\/v2\/pages\/15569\/revisions\/15572"}],"up":[{"embeddable":true,"href":"https:\/\/pacifique.ch\/en\/wp-json\/wp\/v2\/pages\/15563"}],"wp:featuredmedia":[{"embeddable":true,"href":"https:\/\/pacifique.ch\/en\/wp-json\/wp\/v2\/media\/15438"}],"wp:attachment":[{"href":"https:\/\/pacifique.ch\/en\/wp-json\/wp\/v2\/media?parent=15569"}],"curies":[{"name":"wp","href":"https:\/\/api.w.org\/{rel}","templated":true}]}}