{"id":17030,"date":"2026-01-21T19:17:11","date_gmt":"2026-01-21T18:17:11","guid":{"rendered":"https:\/\/pacifique.ch\/the-expeditions\/"},"modified":"2026-01-21T19:17:13","modified_gmt":"2026-01-21T18:17:13","slug":"the-expeditions","status":"publish","type":"page","link":"https:\/\/pacifique.ch\/en\/the-expeditions\/","title":{"rendered":"The Expeditions"},"content":{"rendered":"<p><div class=\"fusion-fullwidth fullwidth-box fusion-builder-row-1 has-pattern-background has-mask-background fusion-parallax-none hundred-percent-fullwidth non-hundred-percent-height-scrolling lazyload\" style=\"--awb-border-radius-top-left:0px;--awb-border-radius-top-right:0px;--awb-border-radius-bottom-right:0px;--awb-border-radius-bottom-left:0px;--awb-margin-bottom:3%;--awb-background-size:cover;--awb-flex-wrap:wrap;\" data-bg=\"http:\/\/pacifique.ch\/wp-content\/uploads\/2022\/06\/EXPEDITIONS.jpg\" ><div class=\"fusion-builder-row fusion-row\"><div class=\"fusion-layout-column fusion_builder_column fusion-builder-column-0 fusion_builder_column_1_1 1_1 fusion-one-full fusion-column-first fusion-column-last\" style=\"--awb-bg-size:cover;\"><div class=\"fusion-column-wrapper fusion-column-has-shadow fusion-flex-column-wrapper-legacy\"><div class=\"fusion-sep-clear\"><\/div><div class=\"fusion-separator fusion-full-width-sep\" style=\"margin-left: auto;margin-right: auto;margin-top:100px;margin-bottom:100px;width:100%;\"><div class=\"fusion-separator-border sep-single\" style=\"--awb-height:20px;--awb-amount:20px;border-color:#000000;border-top-width:0px;\"><\/div><\/div><div class=\"fusion-sep-clear\"><\/div><div class=\"fusion-text fusion-text-1\"><h1 style=\"text-align: center;\">EXPEDITIONS<\/h1>\n<\/div><div class=\"fusion-sep-clear\"><\/div><div class=\"fusion-separator fusion-full-width-sep\" style=\"margin-left: auto;margin-right: auto;margin-top:100px;margin-bottom:100px;width:100%;\"><div class=\"fusion-separator-border sep-single\" style=\"--awb-height:20px;--awb-amount:20px;border-color:#000000;border-top-width:0px;\"><\/div><\/div><div class=\"fusion-sep-clear\"><\/div><div class=\"fusion-clearfix\"><\/div><\/div><\/div><\/div><\/div><div class=\"fusion-fullwidth fullwidth-box fusion-builder-row-2 fusion-flex-container has-pattern-background has-mask-background nonhundred-percent-fullwidth non-hundred-percent-height-scrolling\" style=\"--awb-border-radius-top-left:0px;--awb-border-radius-top-right:0px;--awb-border-radius-bottom-right:0px;--awb-border-radius-bottom-left:0px;--awb-flex-wrap:wrap;\" ><div class=\"fusion-builder-row fusion-row fusion-flex-align-items-flex-start fusion-flex-content-wrap\" style=\"max-width:calc( 1280px + );margin-left: calc(- \/ 2 );margin-right: calc(- \/ 2 );\"><div class=\"fusion-layout-column fusion_builder_column fusion-builder-column-1 fusion_builder_column_1_1 1_1 fusion-flex-column\" style=\"--awb-padding-top:4%;--awb-bg-size:cover;--awb-width-large:100%;--awb-margin-top-large:0px;--awb-margin-bottom-large:0px;--awb-width-medium:100%;--awb-order-medium:0;--awb-width-small:100%;--awb-order-small:0;\" data-scroll-devices=\"small-visibility,medium-visibility,large-visibility\"><div class=\"fusion-column-wrapper fusion-column-has-shadow fusion-flex-justify-content-flex-start fusion-content-layout-column\"><div class=\"fusion-text fusion-text-2 fusion-text-no-margin\" style=\"--awb-margin-bottom:4%;\"><h3 style=\"text-align: center;\">Current expeditions<\/h3>\n<\/div><div class=\"fusion-text fusion-text-3\"><p style=\"text-align: center;\"><em>Coming soon!<\/em><\/p>\n<\/div><div class=\"fusion-separator\" style=\"align-self: center;margin-left: auto;margin-right: auto;margin-top:2%;width:100%;max-width:40%;\"><div class=\"fusion-separator-border sep-single sep-dotted\" style=\"--awb-height:20px;--awb-amount:20px;border-color:#000000;border-top-width:1px;\"><\/div><\/div><\/div><\/div><\/div><\/div><div class=\"fusion-fullwidth fullwidth-box fusion-builder-row-3 fusion-flex-container has-pattern-background has-mask-background nonhundred-percent-fullwidth non-hundred-percent-height-scrolling\" style=\"--awb-border-radius-top-left:0px;--awb-border-radius-top-right:0px;--awb-border-radius-bottom-right:0px;--awb-border-radius-bottom-left:0px;--awb-margin-bottom:4%;--awb-flex-wrap:wrap;\" ><div class=\"fusion-builder-row fusion-row fusion-flex-align-items-flex-start fusion-flex-content-wrap\" style=\"max-width:calc( 1280px + );margin-left: calc(- \/ 2 );margin-right: calc(- \/ 2 );\"><div class=\"fusion-layout-column fusion_builder_column fusion-builder-column-2 fusion_builder_column_1_1 1_1 fusion-flex-column\" style=\"--awb-padding-top:4%;--awb-bg-size:cover;--awb-width-large:100%;--awb-margin-top-large:0px;--awb-margin-bottom-large:0px;--awb-width-medium:100%;--awb-order-medium:0;--awb-width-small:100%;--awb-order-small:0;\" data-scroll-devices=\"small-visibility,medium-visibility,large-visibility\"><div class=\"fusion-column-wrapper fusion-column-has-shadow fusion-flex-justify-content-flex-start fusion-content-layout-column\"><div class=\"fusion-text fusion-text-4\"><h3 style=\"text-align: center;\">Past expeditions<\/h3>\n<\/div><\/div><\/div><\/div><\/div><div class=\"fusion-fullwidth fullwidth-box fusion-builder-row-4 fusion-flex-container has-pattern-background has-mask-background nonhundred-percent-fullwidth non-hundred-percent-height-scrolling\" style=\"--awb-border-radius-top-left:0px;--awb-border-radius-top-right:0px;--awb-border-radius-bottom-right:0px;--awb-border-radius-bottom-left:0px;--awb-padding-top:2%;--awb-padding-right:2%;--awb-padding-bottom:2%;--awb-padding-left:2%;--awb-background-color:var(--awb-color7);--awb-flex-wrap:wrap;\" ><div class=\"fusion-builder-row fusion-row fusion-flex-align-items-flex-start fusion-flex-content-wrap\" style=\"max-width:calc( 1280px + );margin-left: calc(- \/ 2 );margin-right: calc(- \/ 2 );\"><div class=\"fusion-layout-column fusion_builder_column fusion-builder-column-3 fusion_builder_column_1_2 1_2 fusion-flex-column fusion-flex-align-self-center\" style=\"--awb-bg-color:#ffffff;--awb-bg-color-hover:#ffffff;--awb-bg-size:cover;--awb-width-large:50%;--awb-margin-top-large:0px;--awb-margin-bottom-large:0px;--awb-width-medium:100%;--awb-order-medium:0;--awb-width-small:100%;--awb-order-small:0;\"><div class=\"fusion-column-wrapper fusion-column-has-shadow fusion-flex-justify-content-flex-start fusion-content-layout-column\"><div class=\"fusion-image-element \" style=\"--awb-caption-title-font-family:var(--h2_typography-font-family);--awb-caption-title-font-weight:var(--h2_typography-font-weight);--awb-caption-title-font-style:var(--h2_typography-font-style);--awb-caption-title-size:var(--h2_typography-font-size);--awb-caption-title-transform:var(--h2_typography-text-transform);--awb-caption-title-line-height:var(--h2_typography-line-height);--awb-caption-title-letter-spacing:var(--h2_typography-letter-spacing);\"><span class=\" fusion-imageframe imageframe-none imageframe-1 hover-type-none\"><img decoding=\"async\" width=\"1920\" height=\"1280\" title=\"Expe-Arctic-Expedition\" src=\"https:\/\/pacifique.ch\/wp-content\/uploads\/2025\/02\/Expe-Arctic-Expedition.jpg\" data-orig-src=\"https:\/\/pacifique.ch\/wp-content\/uploads\/2025\/02\/Expe-Arctic-Expedition.jpg\" class=\"lazyload img-responsive wp-image-15144\" srcset=\"data:image\/svg+xml,%3Csvg%20xmlns%3D%27http%3A%2F%2Fwww.w3.org%2F2000%2Fsvg%27%20width%3D%271920%27%20height%3D%271280%27%20viewBox%3D%270%200%201920%201280%27%3E%3Crect%20width%3D%271920%27%20height%3D%271280%27%20fill-opacity%3D%220%22%2F%3E%3C%2Fsvg%3E\" data-srcset=\"https:\/\/pacifique.ch\/wp-content\/uploads\/2025\/02\/Expe-Arctic-Expedition-200x133.jpg 200w, https:\/\/pacifique.ch\/wp-content\/uploads\/2025\/02\/Expe-Arctic-Expedition-400x267.jpg 400w, https:\/\/pacifique.ch\/wp-content\/uploads\/2025\/02\/Expe-Arctic-Expedition-600x400.jpg 600w, https:\/\/pacifique.ch\/wp-content\/uploads\/2025\/02\/Expe-Arctic-Expedition-800x533.jpg 800w, https:\/\/pacifique.ch\/wp-content\/uploads\/2025\/02\/Expe-Arctic-Expedition-1200x800.jpg 1200w, https:\/\/pacifique.ch\/wp-content\/uploads\/2025\/02\/Expe-Arctic-Expedition.jpg 1920w\" data-sizes=\"auto\" data-orig-sizes=\"(max-width: 1080px) 100vw, (max-width: 640px) 100vw, 800px\" data-orig- alt=\"-pacifique\"><\/span><\/div><\/div><\/div><div class=\"fusion-layout-column fusion_builder_column fusion-builder-column-4 fusion_builder_column_1_2 1_2 fusion-flex-column\" style=\"--awb-bg-size:cover;--awb-width-large:50%;--awb-margin-top-large:0px;--awb-margin-bottom-large:0px;--awb-width-medium:100%;--awb-order-medium:0;--awb-width-small:100%;--awb-order-small:0;\"><div class=\"fusion-column-wrapper fusion-column-has-shadow fusion-flex-justify-content-flex-start fusion-content-layout-column\"><div class=\"fusion-text fusion-text-5\" style=\"--awb-content-alignment:left;--awb-line-height:10px;\"><h4 class=\"fusion-responsive-typography-calculated\" style=\"--fontsize: 50; line-height: 1.2;\" data-fontsize=\"50\" data-lineheight=\"60px\">2020 &#8211; 2024<\/h4>\n<h2>The Arctic expedition<\/h2>\n<\/div><div class=\"fusion-text fusion-text-6\"><p>From 2020 to 2024, Pacifique engaged in the Arctic Ocean to monitor greenhouse gases in one of the world&#8217;s most sensitive regions. This program, Arctic Change, was conducted in partnership with the University of Geneva. From Norway to Alaska, a myriad of multidisciplinary programs were also carried out aboard Pacifique&#8217;s sailboats: socio-educational, artistic, ..<\/p>\n<\/div><div ><a class=\"fusion-button button-flat button-large button-default fusion-button-default button-1 fusion-button-default-span \" style=\"--awb-margin-top:5%%;--button-border-radius-top-left:2px;--button-border-radius-top-right:2px;--button-border-radius-bottom-right:2px;--button-border-radius-bottom-left:2px;--button_text_transform:uppercase;\" target=\"_blank\" rel=\"noopener noreferrer\" href=\"https:\/\/pacifique.ch\/en\/the-arctic-expedition\/\"><span class=\"fusion-button-text awb-button__text awb-button__text--default\">Learn more<\/span><\/a><\/div><\/div><\/div><\/div><\/div><div class=\"fusion-fullwidth fullwidth-box fusion-builder-row-5 fusion-flex-container nonhundred-percent-fullwidth non-hundred-percent-height-scrolling\" style=\"--awb-border-radius-top-left:0px;--awb-border-radius-top-right:0px;--awb-border-radius-bottom-right:0px;--awb-border-radius-bottom-left:0px;--awb-flex-wrap:wrap;\" ><div class=\"fusion-builder-row fusion-row fusion-flex-align-items-flex-start fusion-flex-content-wrap\" style=\"max-width:calc( 1280px + );margin-left: calc(- \/ 2 );margin-right: calc(- \/ 2 );\"><div class=\"fusion-layout-column fusion_builder_column fusion-builder-column-5 fusion_builder_column_1_1 1_1 fusion-flex-column\" style=\"--awb-bg-size:cover;--awb-width-large:100%;--awb-margin-top-large:0px;--awb-margin-bottom-large:0px;--awb-width-medium:100%;--awb-order-medium:0;--awb-width-small:100%;--awb-order-small:0;\"><div class=\"fusion-column-wrapper fusion-column-has-shadow fusion-flex-justify-content-flex-start fusion-content-layout-column\"><div class=\"fusion-separator fusion-full-width-sep\" style=\"align-self: center;margin-left: auto;margin-right: auto;margin-top:3%;margin-bottom:3%;width:100%;\"><\/div><\/div><\/div><\/div><\/div><div class=\"fusion-fullwidth fullwidth-box fusion-builder-row-6 fusion-flex-container has-pattern-background has-mask-background nonhundred-percent-fullwidth non-hundred-percent-height-scrolling\" style=\"--awb-border-radius-top-left:0px;--awb-border-radius-top-right:0px;--awb-border-radius-bottom-right:0px;--awb-border-radius-bottom-left:0px;--awb-padding-top:2%;--awb-padding-right:2%;--awb-padding-bottom:2%;--awb-padding-left:2%;--awb-background-color:var(--awb-color7);--awb-flex-wrap:wrap;\" ><div class=\"fusion-builder-row fusion-row fusion-flex-align-items-flex-start fusion-flex-content-wrap\" style=\"max-width:calc( 1280px + );margin-left: calc(- \/ 2 );margin-right: calc(- \/ 2 );\"><div class=\"fusion-layout-column fusion_builder_column fusion-builder-column-6 fusion_builder_column_1_2 1_2 fusion-flex-column fusion-flex-align-self-flex-start\" style=\"--awb-bg-size:cover;--awb-width-large:50%;--awb-margin-top-large:0px;--awb-margin-bottom-large:0px;--awb-width-medium:100%;--awb-order-medium:0;--awb-width-small:100%;--awb-order-small:0;\"><div class=\"fusion-column-wrapper fusion-column-has-shadow fusion-flex-justify-content-flex-start fusion-content-layout-column\"><div class=\"fusion-image-element \" style=\"--awb-caption-title-font-family:var(--h2_typography-font-family);--awb-caption-title-font-weight:var(--h2_typography-font-weight);--awb-caption-title-font-style:var(--h2_typography-font-style);--awb-caption-title-size:var(--h2_typography-font-size);--awb-caption-title-transform:var(--h2_typography-text-transform);--awb-caption-title-line-height:var(--h2_typography-line-height);--awb-caption-title-letter-spacing:var(--h2_typography-letter-spacing);\"><span class=\" fusion-imageframe imageframe-none imageframe-2 hover-type-none\"><img decoding=\"async\" src=\"data:image\/gif;base64,R0lGODlhAQABAAAAACH5BAEKAAEALAAAAAABAAEAAAICTAEAOw==\" data-orig-src=\"http:\/\/pacifique.ch\/wp-content\/uploads\/2020\/09\/IMG-EXP-FP-OME.jpg\" class=\"lazyload img-responsive\" alt=\"-pacifique\"><\/span><\/div><\/div><\/div><div class=\"fusion-layout-column fusion_builder_column fusion-builder-column-7 fusion_builder_column_1_2 1_2 fusion-flex-column fusion-flex-align-self-flex-start\" style=\"--awb-bg-size:cover;--awb-width-large:50%;--awb-margin-top-large:0px;--awb-margin-bottom-large:0px;--awb-width-medium:100%;--awb-order-medium:0;--awb-width-small:100%;--awb-order-small:0;\"><div class=\"fusion-column-wrapper fusion-column-has-shadow fusion-flex-justify-content-flex-start fusion-content-layout-column\"><div class=\"fusion-text fusion-text-7\" style=\"--awb-content-alignment:left;--awb-line-height:10px;\"><h4 class=\"fusion-responsive-typography-calculated\" style=\"--fontsize: 50; line-height: 1.2;\" data-fontsize=\"50\" data-lineheight=\"60px\">2015 &#8211; 2019<\/h4>\n<h2>Ocean Mapping Expedition<\/h2>\n<\/div><div class=\"fusion-text fusion-text-8\"><p>500 years after Ferdinand Magellan, the Pacifique Foundation undertook a 4-year sailing circumnavigation of the world aboard <em>Fleur de Passion<\/em> to observe, understand, and map the state of the oceans in light of the expedition led by the discoverer of the Pacific.<\/p>\n<\/div><div ><a class=\"fusion-button button-flat button-large button-default fusion-button-default button-2 fusion-button-default-span \" style=\"--awb-margin-top:5%;--button-border-radius-top-left:2px;--button-border-radius-top-right:2px;--button-border-radius-bottom-right:2px;--button-border-radius-bottom-left:2px;--button_text_transform:uppercase;\" target=\"_blank\" rel=\"noopener noreferrer\" href=\"https:\/\/pacifique.ch\/en\/ocean-mapping-expedition\/\"><span class=\"fusion-button-text awb-button__text awb-button__text--default\">Learn more<\/span><\/a><\/div><\/div><\/div><\/div><\/div><div class=\"fusion-fullwidth fullwidth-box fusion-builder-row-7 fusion-flex-container nonhundred-percent-fullwidth non-hundred-percent-height-scrolling\" style=\"--awb-border-radius-top-left:0px;--awb-border-radius-top-right:0px;--awb-border-radius-bottom-right:0px;--awb-border-radius-bottom-left:0px;--awb-flex-wrap:wrap;\" ><div class=\"fusion-builder-row fusion-row fusion-flex-align-items-flex-start fusion-flex-content-wrap\" style=\"max-width:calc( 1280px + );margin-left: calc(- \/ 2 );margin-right: calc(- \/ 2 );\"><div class=\"fusion-layout-column fusion_builder_column fusion-builder-column-8 fusion_builder_column_1_1 1_1 fusion-flex-column\" style=\"--awb-bg-size:cover;--awb-width-large:100%;--awb-margin-top-large:0px;--awb-margin-bottom-large:0px;--awb-width-medium:100%;--awb-order-medium:0;--awb-width-small:100%;--awb-order-small:0;\"><div class=\"fusion-column-wrapper fusion-column-has-shadow fusion-flex-justify-content-flex-start fusion-content-layout-column\"><div class=\"fusion-separator fusion-full-width-sep\" style=\"align-self: center;margin-left: auto;margin-right: auto;margin-top:3%;margin-bottom:3%;width:100%;\"><\/div><\/div><\/div><\/div><\/div><div class=\"fusion-fullwidth fullwidth-box fusion-builder-row-8 fusion-flex-container has-pattern-background has-mask-background nonhundred-percent-fullwidth non-hundred-percent-height-scrolling\" style=\"--awb-border-radius-top-left:0px;--awb-border-radius-top-right:0px;--awb-border-radius-bottom-right:0px;--awb-border-radius-bottom-left:0px;--awb-padding-top:2%;--awb-padding-right:2%;--awb-padding-bottom:2%;--awb-padding-left:2%;--awb-background-color:var(--awb-color7);--awb-flex-wrap:wrap;\" ><div class=\"fusion-builder-row fusion-row fusion-flex-align-items-flex-start fusion-flex-content-wrap\" style=\"max-width:calc( 1280px + );margin-left: calc(- \/ 2 );margin-right: calc(- \/ 2 );\"><div class=\"fusion-layout-column fusion_builder_column fusion-builder-column-9 fusion_builder_column_1_2 1_2 fusion-flex-column fusion-flex-align-self-flex-start\" style=\"--awb-bg-size:cover;--awb-width-large:50%;--awb-margin-top-large:0px;--awb-margin-bottom-large:0px;--awb-width-medium:100%;--awb-order-medium:0;--awb-width-small:100%;--awb-order-small:0;\"><div class=\"fusion-column-wrapper fusion-column-has-shadow fusion-flex-justify-content-flex-start fusion-content-layout-column\"><div class=\"fusion-image-element \" style=\"--awb-caption-title-font-family:var(--h2_typography-font-family);--awb-caption-title-font-weight:var(--h2_typography-font-weight);--awb-caption-title-font-style:var(--h2_typography-font-style);--awb-caption-title-size:var(--h2_typography-font-size);--awb-caption-title-transform:var(--h2_typography-text-transform);--awb-caption-title-line-height:var(--h2_typography-line-height);--awb-caption-title-letter-spacing:var(--h2_typography-letter-spacing);\"><span class=\" fusion-imageframe imageframe-none imageframe-3 hover-type-none\"><img decoding=\"async\" width=\"800\" height=\"450\" alt=\"Si la veille les plus courageux d\u2019entre nous se sont baign\u00e9s dans de l\u2019eau \u00e0 z\u00e9ro degr\u00e9, aujourd\u2019hui le temps est plut\u00f4t couvert et on enfile des habits chauds.\nL\u2019\u00e9quipage au complet a envie d\u2019aller faire une balade \u00e0 terre. On fait un tour de table pour se pr\u00e9parer \u00e0 l\u2019\u00e9ventualit\u00e9 d\u2019une rencontre avec les ourses polaire. Chacun exprime ces craintes et comment adopt\u00e9 les bon reflexes\u00a0: Rester grouper, ne pas courir et \u00eatre arm\u00e9. \nNous voil\u00e0 les 5 \u00e0 terre. Emilien nous montre le fonctionnement du fusil et \u00e0 tour de r\u00f4le on s\u2019entraine. Marion est la premi\u00e8re a les voire avec les jumelles. Ils sont trois en train de finir les restes d\u2019une carcasse de balaine. Deux de taille adulte un un plus petit. On a eu beaucoup de chance de pouvoir les voir. C\u2019est gr\u00e2ce aux vent du nord qui a rapprocher la banquise qu\u2019il on pu venir dans le secteur. Malgr\u00e9 l\u2019effet de surprise de l\u2019annonce le groupe reste calme on repart \u00e0 l\u2019annexe. Soulager d\u2019\u00eatre de retour sur le bateau on fait un petit d\u00e9brief de la situation. On les observe depuis le bateau aux jumelles. On sent qu\u2019on est chez eux et pas chez nous.\nLes jours qui suivent fur calme et dans l\u2019attente du d\u00e9part. Le vent souffle et le passage n\u2019est pas encore ouvert. On a essay\u00e9 d\u2019organiser d\u2019aller jusqu\u2019\u00e0 Barrow mais sens succ\u00e8s. Trop loin avec l\u2019Annex et a pieds personne n\u2019as vraiment envie d\u2019essayer vu la pr\u00e9sences des ourses. Nous voulions \u00e9galement inviter l\u2019\u00e9quipage de Lumi encrer \u00e0 c\u00f4t\u00e9 de nous mais il sont malade et personne n\u2019as envie de prendre le risque.\nQuelques jours plus tard c\u2019est bon on l\u00e8ve l\u2019ancre ! On sort d\u2019elson bay malgr\u00e9 le courant et le vent de face et on monte les voiles. Nous voil\u00e0 parti pour 5 jours de navigations magiques. Le soleil est pr\u00e9sent et on entre dans le territoire des glaces. On affale les voiles on r\u00e9duit notre allure et on commence \u00e0 slalomer entre la banquise. Le paysage est sublime. Malgr\u00e9 notre \u00e9merveillement il faut rester tr\u00e8s attentif et les quarts ne sont pas de tout repos. On se rapproche de la fronti\u00e8re du Canada. la mer de beaufort se d\u00e9gage et au vu des conditions nous seront surement dans moins de 48 heures a Tuktoyaktuk. On a pu observer de loin des balaine boreal.\n\" title=\"IMG-EXP-FP-OCE-1\" src=\"https:\/\/pacifique.ch\/wp-content\/uploads\/2024\/08\/IMG-EXP-FP-OCE-1.jpg\" data-orig-src=\"https:\/\/pacifique.ch\/wp-content\/uploads\/2024\/08\/IMG-EXP-FP-OCE-1.jpg\" class=\"lazyload img-responsive wp-image-14578\" srcset=\"data:image\/svg+xml,%3Csvg%20xmlns%3D%27http%3A%2F%2Fwww.w3.org%2F2000%2Fsvg%27%20width%3D%27800%27%20height%3D%27450%27%20viewBox%3D%270%200%20800%20450%27%3E%3Crect%20width%3D%27800%27%20height%3D%27450%27%20fill-opacity%3D%220%22%2F%3E%3C%2Fsvg%3E\" data-srcset=\"https:\/\/pacifique.ch\/wp-content\/uploads\/2024\/08\/IMG-EXP-FP-OCE-1-200x113.jpg 200w, https:\/\/pacifique.ch\/wp-content\/uploads\/2024\/08\/IMG-EXP-FP-OCE-1-400x225.jpg 400w, https:\/\/pacifique.ch\/wp-content\/uploads\/2024\/08\/IMG-EXP-FP-OCE-1-600x338.jpg 600w, https:\/\/pacifique.ch\/wp-content\/uploads\/2024\/08\/IMG-EXP-FP-OCE-1.jpg 800w\" data-sizes=\"auto\" data-orig-sizes=\"(max-width: 1080px) 100vw, (max-width: 640px) 100vw, 800px\" \/><\/span><\/div><\/div><\/div><div class=\"fusion-layout-column fusion_builder_column fusion-builder-column-10 fusion_builder_column_1_2 1_2 fusion-flex-column fusion-flex-align-self-flex-start\" style=\"--awb-bg-size:cover;--awb-width-large:50%;--awb-margin-top-large:0px;--awb-margin-bottom-large:0px;--awb-width-medium:100%;--awb-order-medium:0;--awb-width-small:100%;--awb-order-small:0;\"><div class=\"fusion-column-wrapper fusion-column-has-shadow fusion-flex-justify-content-flex-start fusion-content-layout-column\"><div class=\"fusion-text fusion-text-9\" style=\"--awb-content-alignment:left;--awb-line-height:10px;\"><h4 class=\"fusion-responsive-typography-calculated\" style=\"--fontsize: 50; line-height: 1.2;\" data-fontsize=\"50\" data-lineheight=\"60px\">2009 &#8211; 2014<\/h4>\n<h2>The Changing Oceans<\/h2>\n<\/div><div class=\"fusion-text fusion-text-10\"><p>Under the patronage of UNESCO and the International Union for Conservation of Nature (IUCN), the Pacifique Foundation conducts a first long-haul expedition, <em>The Changing Oceans Expedition<\/em>, aboard Fleur de Passion in the Mediterranean, Atlantic, North and Baltic Seas, Red Sea, and Caribbean, during which it carries out various scientific programs in partnership with academic institutions or international NGOs.<\/p>\n<\/div><div ><a class=\"fusion-button button-flat button-large button-default fusion-button-default button-3 fusion-button-default-span \" style=\"--awb-margin-top:5%;--button-border-radius-top-left:2px;--button-border-radius-top-right:2px;--button-border-radius-bottom-right:2px;--button-border-radius-bottom-left:2px;--button_text_transform:uppercase;\" target=\"_self\" href=\"https:\/\/pacifique.ch\/en\/previous-expeditions\/\"><span class=\"fusion-button-text awb-button__text awb-button__text--default\">Learn more<\/span><\/a><\/div><\/div><\/div><\/div><\/div><\/p>\n","protected":false},"excerpt":{"rendered":"","protected":false},"author":4,"featured_media":0,"parent":0,"menu_order":0,"comment_status":"closed","ping_status":"closed","template":"100-width.php","meta":{"footnotes":""},"class_list":["post-17030","page","type-page","status-publish","hentry"],"_links":{"self":[{"href":"https:\/\/pacifique.ch\/en\/wp-json\/wp\/v2\/pages\/17030","targetHints":{"allow":["GET"]}}],"collection":[{"href":"https:\/\/pacifique.ch\/en\/wp-json\/wp\/v2\/pages"}],"about":[{"href":"https:\/\/pacifique.ch\/en\/wp-json\/wp\/v2\/types\/page"}],"author":[{"embeddable":true,"href":"https:\/\/pacifique.ch\/en\/wp-json\/wp\/v2\/users\/4"}],"replies":[{"embeddable":true,"href":"https:\/\/pacifique.ch\/en\/wp-json\/wp\/v2\/comments?post=17030"}],"version-history":[{"count":3,"href":"https:\/\/pacifique.ch\/en\/wp-json\/wp\/v2\/pages\/17030\/revisions"}],"predecessor-version":[{"id":17033,"href":"https:\/\/pacifique.ch\/en\/wp-json\/wp\/v2\/pages\/17030\/revisions\/17033"}],"wp:attachment":[{"href":"https:\/\/pacifique.ch\/en\/wp-json\/wp\/v2\/media?parent=17030"}],"curies":[{"name":"wp","href":"https:\/\/api.w.org\/{rel}","templated":true}]}}