{"id":5716,"date":"2020-07-23T13:35:58","date_gmt":"2020-07-23T11:35:58","guid":{"rendered":"https:\/\/fondationpacifique.org\/the-arctic-expedition\/publications\/"},"modified":"2024-12-02T15:17:13","modified_gmt":"2024-12-02T14:17:13","slug":"art-publications","status":"publish","type":"page","link":"https:\/\/pacifique.ch\/en\/art-raising-awareness\/art-publications\/","title":{"rendered":"Art publications"},"content":{"rendered":"<p><div class=\"fusion-fullwidth fullwidth-box fusion-builder-row-1 fusion-parallax-none hundred-percent-fullwidth non-hundred-percent-height-scrolling lazyload\" style=\"--awb-border-radius-top-left:0px;--awb-border-radius-top-right:0px;--awb-border-radius-bottom-right:0px;--awb-border-radius-bottom-left:0px;--awb-margin-bottom:4%;--awb-background-size:cover;--awb-flex-wrap:wrap;\" data-bg=\"https:\/\/pacifique.ch\/wp-content\/uploads\/2022\/06\/LeReveBleuMoitie1a200.jpg\" ><div class=\"fusion-builder-row fusion-row\"><div class=\"fusion-layout-column fusion_builder_column fusion-builder-column-0 fusion_builder_column_1_1 1_1 fusion-one-full fusion-column-first fusion-column-last\" style=\"--awb-bg-size:cover;\"><div class=\"fusion-column-wrapper fusion-column-has-shadow fusion-flex-column-wrapper-legacy\"><div class=\"fusion-sep-clear\"><\/div><div class=\"fusion-separator fusion-full-width-sep\" style=\"margin-left: auto;margin-right: auto;margin-top:100px;margin-bottom:100px;width:100%;\"><div class=\"fusion-separator-border sep-single\" style=\"--awb-height:20px;--awb-amount:20px;border-color:#000000;border-top-width:0px;\"><\/div><\/div><div class=\"fusion-sep-clear\"><\/div><div class=\"fusion-text fusion-text-1\"><h1 style=\"text-align: center;\">ART PUBLICATIONS<\/h1>\n<\/div><div class=\"fusion-sep-clear\"><\/div><div class=\"fusion-separator fusion-full-width-sep\" style=\"margin-left: auto;margin-right: auto;margin-top:100px;margin-bottom:100px;width:100%;\"><div class=\"fusion-separator-border sep-single\" style=\"--awb-height:20px;--awb-amount:20px;border-color:#000000;border-top-width:0px;\"><\/div><\/div><div class=\"fusion-sep-clear\"><\/div><div class=\"fusion-clearfix\"><\/div><\/div><\/div><\/div><\/div><div class=\"fusion-fullwidth fullwidth-box fusion-builder-row-2 fusion-flex-container nonhundred-percent-fullwidth non-hundred-percent-height-scrolling\" style=\"--awb-border-radius-top-left:0px;--awb-border-radius-top-right:0px;--awb-border-radius-bottom-right:0px;--awb-border-radius-bottom-left:0px;--awb-flex-wrap:wrap;\" ><div class=\"fusion-builder-row fusion-row fusion-flex-align-items-flex-start fusion-flex-content-wrap\" style=\"max-width:calc( 1280px + );margin-left: calc(- \/ 2 );margin-right: calc(- \/ 2 );\"><div class=\"fusion-layout-column fusion_builder_column fusion-builder-column-1 fusion_builder_column_1_1 1_1 fusion-flex-column\" style=\"--awb-bg-size:cover;--awb-width-large:100%;--awb-margin-top-large:0px;--awb-margin-bottom-large:0px;--awb-width-medium:100%;--awb-order-medium:0;--awb-width-small:100%;--awb-order-small:0;\"><div class=\"fusion-column-wrapper fusion-column-has-shadow fusion-flex-justify-content-flex-start fusion-content-layout-column\"><div class=\"fusion-text fusion-text-2 fusion-text-no-margin\" style=\"--awb-margin-top:8%;--awb-margin-right:20%;--awb-margin-bottom:8%;--awb-margin-left:20%;\"><h3 style=\"text-align: center;\">True sensitive and artistic synthesis of the oceanographic expeditions of Pacific, discover the publications of the artists embarked on board the sailing ships<\/h3>\n<\/div><\/div><\/div><\/div><\/div><div class=\"fusion-fullwidth fullwidth-box fusion-builder-row-3 nonhundred-percent-fullwidth non-hundred-percent-height-scrolling\" style=\"--awb-border-radius-top-left:0px;--awb-border-radius-top-right:0px;--awb-border-radius-bottom-right:0px;--awb-border-radius-bottom-left:0px;--awb-flex-wrap:wrap;\" ><div class=\"fusion-builder-row fusion-row\"><div class=\"fusion-layout-column fusion_builder_column fusion-builder-column-2 fusion_builder_column_1_1 1_1 fusion-one-full fusion-column-first fusion-column-last\" style=\"--awb-padding-top:2%;--awb-padding-right:2%;--awb-padding-bottom:2%;--awb-padding-left:2%;--awb-overflow:hidden;--awb-bg-color:#0f3547;--awb-bg-color-hover:#0f3547;--awb-bg-size:cover;--awb-border-radius:1% 1% 1% 1%;\"><div class=\"fusion-column-wrapper fusion-column-has-shadow fusion-flex-column-wrapper-legacy\"><div class=\"fusion-text fusion-text-3\"><h2><span style=\"color: #ffffff;\">Sillages<\/span><\/h2>\n<\/div><div class=\"fusion-clearfix\"><\/div><\/div><\/div><\/div><\/div><div class=\"fusion-fullwidth fullwidth-box fusion-builder-row-4 fusion-flex-container nonhundred-percent-fullwidth non-hundred-percent-height-scrolling\" style=\"--awb-border-radius-top-left:0px;--awb-border-radius-top-right:0px;--awb-border-radius-bottom-right:0px;--awb-border-radius-bottom-left:0px;--awb-padding-top:5%;--awb-padding-bottom:2%;--awb-flex-wrap:wrap;\" ><div class=\"fusion-builder-row fusion-row fusion-flex-align-items-center fusion-flex-content-wrap\" style=\"max-width:calc( 1280px + );margin-left: calc(- \/ 2 );margin-right: calc(- \/ 2 );\"><div class=\"fusion-layout-column fusion_builder_column fusion-builder-column-3 fusion_builder_column_1_2 1_2 fusion-flex-column\" style=\"--awb-bg-size:cover;--awb-width-large:50%;--awb-margin-top-large:0px;--awb-margin-bottom-large:0px;--awb-width-medium:100%;--awb-order-medium:0;--awb-width-small:100%;--awb-order-small:0;\"><div class=\"fusion-column-wrapper fusion-column-has-shadow fusion-flex-justify-content-flex-start fusion-content-layout-column\"><div class=\"fusion-text fusion-text-4 fusion-text-no-margin\" style=\"--awb-content-alignment:left;--awb-margin-bottom:5%;\"><h3>Annual publication of poetry and drawings<\/h3>\n<\/div><div class=\"fusion-text fusion-text-5\"><p>Carried by the Makaline association, a meeting of three artists previously on board: Katharina Kreil, Matthieu Berthod and Ambroise H\u00e9ritier, this new annual publication will cover the five years of Pacific expeditions. Both on the sailing ship Mauritius around the Arctic and on the sailing ship Fleur de Passion.<\/p>\n<p>Through various narrative approaches (poetic, fictional or documentary), the project is designed to bring together artists, sailors, young people in disarray, scientists and local populations, in order to bring a different perspective on contemporary issues, while testifying to the multiple questions related to the ecological challenges of the 21st century.<\/p>\n<\/div><div style=\"text-align:center;\"><a class=\"fusion-button button-flat button-xlarge button-custom fusion-button-default button-1 fusion-button-default-span \" style=\"--button_accent_color:#ffffff;--button_border_color:#77b8cd;--button_accent_hover_color:#000000;--button_border_hover_color:#0f3547;--button_border_width-top:0px;--button_border_width-right:0px;--button_border_width-bottom:0px;--button_border_width-left:0px;--button-border-radius-top-left:1px;--button-border-radius-top-right:1px;--button-border-radius-bottom-right:1px;--button-border-radius-bottom-left:1px;--button_gradient_top_color:#0f3547;--button_gradient_bottom_color:#0f3547;--button_gradient_top_color_hover:#77b8cd;--button_gradient_bottom_color_hover:#77b8cd;--button_margin-top:5%;\" target=\"_self\" href=\"https:\/\/pacifique.ch\/sillages\/\"><span class=\"fusion-button-text awb-button__text awb-button__text--default\">Discover &#8220;Sillages&#8221;<\/span><\/a><\/div><\/div><\/div><div class=\"fusion-layout-column fusion_builder_column fusion-builder-column-4 fusion_builder_column_1_2 1_2 fusion-flex-column\" style=\"--awb-bg-size:cover;--awb-width-large:50%;--awb-margin-top-large:0px;--awb-margin-bottom-large:0px;--awb-width-medium:100%;--awb-order-medium:0;--awb-width-small:100%;--awb-order-small:0;\"><div class=\"fusion-column-wrapper fusion-column-has-shadow fusion-flex-justify-content-flex-start fusion-content-layout-column\"><div class=\"fusion-image-element \" style=\"--awb-caption-title-font-family:var(--h2_typography-font-family);--awb-caption-title-font-weight:var(--h2_typography-font-weight);--awb-caption-title-font-style:var(--h2_typography-font-style);--awb-caption-title-size:var(--h2_typography-font-size);--awb-caption-title-transform:var(--h2_typography-text-transform);--awb-caption-title-line-height:var(--h2_typography-line-height);--awb-caption-title-letter-spacing:var(--h2_typography-letter-spacing);\"><span class=\" fusion-imageframe imageframe-none imageframe-1 hover-type-none\" style=\"border-radius:1%;\"><a class=\"fusion-no-lightbox\" href=\"https:\/\/pacifique.ch\/sillages\/\" target=\"_self\" aria-label=\"Sillages 4\"><img decoding=\"async\" width=\"1583\" height=\"1934\" alt=\"Sillages-4\" src=\"https:\/\/pacifique.ch\/wp-content\/uploads\/2024\/12\/Sillages-4.jpg\" data-orig-src=\"https:\/\/pacifique.ch\/wp-content\/uploads\/2024\/12\/Sillages-4.jpg\" class=\"lazyload img-responsive wp-image-14888\" srcset=\"data:image\/svg+xml,%3Csvg%20xmlns%3D%27http%3A%2F%2Fwww.w3.org%2F2000%2Fsvg%27%20width%3D%271583%27%20height%3D%271934%27%20viewBox%3D%270%200%201583%201934%27%3E%3Crect%20width%3D%271583%27%20height%3D%271934%27%20fill-opacity%3D%220%22%2F%3E%3C%2Fsvg%3E\" data-srcset=\"https:\/\/pacifique.ch\/wp-content\/uploads\/2024\/12\/Sillages-4-200x244.jpg 200w, https:\/\/pacifique.ch\/wp-content\/uploads\/2024\/12\/Sillages-4-400x489.jpg 400w, https:\/\/pacifique.ch\/wp-content\/uploads\/2024\/12\/Sillages-4-600x733.jpg 600w, https:\/\/pacifique.ch\/wp-content\/uploads\/2024\/12\/Sillages-4-800x977.jpg 800w, https:\/\/pacifique.ch\/wp-content\/uploads\/2024\/12\/Sillages-4-1200x1466.jpg 1200w, https:\/\/pacifique.ch\/wp-content\/uploads\/2024\/12\/Sillages-4.jpg 1583w\" data-sizes=\"auto\" data-orig-sizes=\"(max-width: 1080px) 100vw, (max-width: 640px) 100vw, 800px\" \/><\/a><\/span><\/div><\/div><\/div><\/div><\/div><div class=\"fusion-fullwidth fullwidth-box fusion-builder-row-5 fusion-flex-container nonhundred-percent-fullwidth non-hundred-percent-height-scrolling\" style=\"--awb-border-radius-top-left:0px;--awb-border-radius-top-right:0px;--awb-border-radius-bottom-right:0px;--awb-border-radius-bottom-left:0px;--awb-padding-top:2%;--awb-padding-bottom:2%;--awb-background-color:rgba(0,0,0,0.05);--awb-flex-wrap:wrap;\" ><div class=\"fusion-builder-row fusion-row fusion-flex-align-items-flex-start fusion-flex-content-wrap\" style=\"max-width:calc( 1280px + );margin-left: calc(- \/ 2 );margin-right: calc(- \/ 2 );\"><div class=\"fusion-layout-column fusion_builder_column fusion-builder-column-5 fusion_builder_column_1_2 1_2 fusion-flex-column\" style=\"--awb-bg-size:cover;--awb-width-large:50%;--awb-margin-top-large:0px;--awb-margin-bottom-large:0px;--awb-width-medium:100%;--awb-order-medium:0;--awb-width-small:100%;--awb-order-small:0;\"><div class=\"fusion-column-wrapper fusion-column-has-shadow fusion-flex-justify-content-flex-start fusion-content-layout-column\"><div class=\"fusion-text fusion-text-6\"><h3>Points of sale<\/h3>\n<\/div><div class=\"fusion-text fusion-text-7 fusion-text-no-margin\" style=\"--awb-margin-bottom:5%;\"><p>The 4th issue of Sillages will soon be available in your bookstores, list coming soon.<\/p>\n<\/div><div class=\"fusion-separator fusion-full-width-sep\" style=\"align-self: center;margin-left: auto;margin-right: auto;margin-top:1%;margin-bottom:1%;width:100%;\"><\/div><\/div><\/div><div class=\"fusion-layout-column fusion_builder_column fusion-builder-column-6 fusion_builder_column_1_2 1_2 fusion-flex-column\" style=\"--awb-bg-size:cover;--awb-width-large:50%;--awb-margin-top-large:0px;--awb-margin-bottom-large:0px;--awb-width-medium:100%;--awb-order-medium:0;--awb-width-small:100%;--awb-order-small:0;\"><div class=\"fusion-column-wrapper fusion-column-has-shadow fusion-flex-justify-content-flex-start fusion-content-layout-column\"><div class=\"fusion-text fusion-text-8\"><h3>Order on line<\/h3>\n<\/div><div class=\"fusion-text fusion-text-9\"><p>Sillages n\u00b04 is now available !<\/p>\n<p>Visit our online store or one of our points of sale to discover this new and beautiful issue.<\/p>\n<\/div><div class=\"fusion-woo-product-grid fusion-product-archive fusion-woo-product-grid-1\"><ul class=\"products products-2\"><li class=\"product type-product post-14920 status-publish first instock product_cat-publications-en product_tag-publication-en product_tag-sillages-4-en has-post-thumbnail shipping-taxable purchasable product-type-simple product-grid-view\">\n\t<div class=\"fusion-product-wrapper\">\n<a href=\"https:\/\/pacifique.ch\/en\/produit\/sillages-n4\/\" class=\"product-images\" aria-label=\"Sillages n\u00b04\">\n\n<div class=\"featured-image\">\n\t\t<img decoding=\"async\" width=\"500\" height=\"500\" src=\"https:\/\/pacifique.ch\/wp-content\/uploads\/2024\/12\/Sillages-4-1-500x500.jpg\" class=\"attachment-woocommerce_thumbnail size-woocommerce_thumbnail lazyload wp-post-image\" alt=\"Sillages-4\" srcset=\"data:image\/svg+xml,%3Csvg%20xmlns%3D%27http%3A%2F%2Fwww.w3.org%2F2000%2Fsvg%27%20width%3D%271080%27%20height%3D%271080%27%20viewBox%3D%270%200%201080%201080%27%3E%3Crect%20width%3D%271080%27%20height%3D%271080%27%20fill-opacity%3D%220%22%2F%3E%3C%2Fsvg%3E\" data-orig-src=\"https:\/\/pacifique.ch\/wp-content\/uploads\/2024\/12\/Sillages-4-1-500x500.jpg\" data-srcset=\"https:\/\/pacifique.ch\/wp-content\/uploads\/2024\/12\/Sillages-4-1-66x66.jpg 66w, https:\/\/pacifique.ch\/wp-content\/uploads\/2024\/12\/Sillages-4-1-100x100.jpg 100w, https:\/\/pacifique.ch\/wp-content\/uploads\/2024\/12\/Sillages-4-1-150x150.jpg 150w, https:\/\/pacifique.ch\/wp-content\/uploads\/2024\/12\/Sillages-4-1-200x200.jpg 200w, https:\/\/pacifique.ch\/wp-content\/uploads\/2024\/12\/Sillages-4-1-300x300.jpg 300w, https:\/\/pacifique.ch\/wp-content\/uploads\/2024\/12\/Sillages-4-1-400x400.jpg 400w, https:\/\/pacifique.ch\/wp-content\/uploads\/2024\/12\/Sillages-4-1-500x500.jpg 500w, https:\/\/pacifique.ch\/wp-content\/uploads\/2024\/12\/Sillages-4-1-600x600.jpg 600w, https:\/\/pacifique.ch\/wp-content\/uploads\/2024\/12\/Sillages-4-1-700x700.jpg 700w, https:\/\/pacifique.ch\/wp-content\/uploads\/2024\/12\/Sillages-4-1-768x768.jpg 768w, https:\/\/pacifique.ch\/wp-content\/uploads\/2024\/12\/Sillages-4-1-800x800.jpg 800w, https:\/\/pacifique.ch\/wp-content\/uploads\/2024\/12\/Sillages-4-1-1024x1024.jpg 1024w, https:\/\/pacifique.ch\/wp-content\/uploads\/2024\/12\/Sillages-4-1.jpg 1080w\" data-sizes=\"auto\" \/>\n\t\t\t\t\t\t<div class=\"cart-loading\"><i class=\"awb-icon-spinner\" aria-hidden=\"true\"><\/i><\/div>\n\t\t\t<\/div>\n<\/a>\n<div class=\"fusion-product-content\">\n\t<div class=\"product-details\">\n\t\t<div class=\"product-details-container\">\n<h3 class=\"product-title\">\n\t<a href=\"https:\/\/pacifique.ch\/en\/produit\/sillages-n4\/\">\n\t\tSillages n\u00b04\t<\/a>\n<\/h3>\n<div class=\"fusion-price-rating\">\n\n\t<span class=\"price\"><span class=\"woocommerce-Price-amount amount\"><bdi><span class=\"woocommerce-Price-currencySymbol\">&#67;&#72;&#70;<\/span>&nbsp;50.00<\/bdi><\/span><\/span>\n\t\t<\/div>\n\t<\/div>\n<\/div>\n\n\n\t<div class=\"product-buttons\">\n\t\t<div class=\"fusion-content-sep sep-\"><\/div>\n\t\t<div class=\"product-buttons-container clearfix\">\n<a href=\"\/en\/wp-json\/wp\/v2\/pages\/5716?add-to-cart=14920\" aria-describedby=\"woocommerce_loop_add_to_cart_link_describedby_14920\" data-quantity=\"1\" class=\"button product_type_simple add_to_cart_button ajax_add_to_cart\" data-product_id=\"14920\" data-product_sku=\"\" aria-label=\"Add to basket: &ldquo;Sillages n\u00b04&rdquo;\" rel=\"nofollow\">Add to basket<\/a>\t<span id=\"woocommerce_loop_add_to_cart_link_describedby_14920\" class=\"screen-reader-text\">\n\t\t\t<\/span>\n\n<a href=\"https:\/\/pacifique.ch\/en\/produit\/sillages-n4\/\" class=\"show_details_button\">\n\tDetails<\/a>\n\n\n\t<\/div>\n\t<\/div>\n\n\t<\/div> <\/div>\n<\/li>\n<\/ul><\/div><div class=\"fusion-separator fusion-full-width-sep\" style=\"align-self: center;margin-left: auto;margin-right: auto;margin-top:1%;margin-bottom:1%;width:100%;\"><\/div><\/div><\/div><\/div><\/div><div class=\"fusion-fullwidth fullwidth-box fusion-builder-row-6 nonhundred-percent-fullwidth non-hundred-percent-height-scrolling\" style=\"--awb-border-radius-top-left:0px;--awb-border-radius-top-right:0px;--awb-border-radius-bottom-right:0px;--awb-border-radius-bottom-left:0px;--awb-margin-top:5%;--awb-flex-wrap:wrap;\" ><div class=\"fusion-builder-row fusion-row\"><div class=\"fusion-layout-column fusion_builder_column fusion-builder-column-7 fusion_builder_column_1_1 1_1 fusion-one-full fusion-column-first fusion-column-last\" style=\"--awb-padding-top:2%;--awb-padding-right:2%;--awb-padding-bottom:2%;--awb-padding-left:2%;--awb-overflow:hidden;--awb-bg-color:#0f3547;--awb-bg-color-hover:#0f3547;--awb-bg-size:cover;--awb-border-radius:1% 1% 1% 1%;\"><div class=\"fusion-column-wrapper fusion-column-has-shadow fusion-flex-column-wrapper-legacy\"><div class=\"fusion-text fusion-text-10\"><h2><span style=\"color: #ffffff;\">DANS LE MIROIR DE MAGELLAN<\/span><\/h2>\n<div id=\"short_description_block\">\n<h3 id=\"short_description_content\" class=\"rte align_justify\"><span style=\"color: #ffffff;\">Le r\u00e9tr\u00e9cissement du monde<\/span><\/h3>\n<\/div>\n<\/div><div class=\"fusion-clearfix\"><\/div><\/div><\/div><\/div><\/div><div class=\"fusion-fullwidth fullwidth-box fusion-builder-row-7 fusion-flex-container nonhundred-percent-fullwidth non-hundred-percent-height-scrolling\" style=\"--awb-border-radius-top-left:0px;--awb-border-radius-top-right:0px;--awb-border-radius-bottom-right:0px;--awb-border-radius-bottom-left:0px;--awb-padding-top:5%;--awb-padding-bottom:2%;--awb-flex-wrap:wrap;\" ><div class=\"fusion-builder-row fusion-row fusion-flex-align-items-center fusion-flex-content-wrap\" style=\"max-width:calc( 1280px + );margin-left: calc(- \/ 2 );margin-right: calc(- \/ 2 );\"><div class=\"fusion-layout-column fusion_builder_column fusion-builder-column-8 fusion_builder_column_1_2 1_2 fusion-flex-column\" style=\"--awb-bg-size:cover;--awb-width-large:50%;--awb-margin-top-large:0px;--awb-margin-bottom-large:0px;--awb-width-medium:100%;--awb-order-medium:0;--awb-width-small:100%;--awb-order-small:0;\"><div class=\"fusion-column-wrapper fusion-column-has-shadow fusion-flex-justify-content-flex-start fusion-content-layout-column\"><div class=\"fusion-text fusion-text-11 fusion-text-no-margin\" style=\"--awb-content-alignment:left;--awb-margin-bottom:5%;\"><h3>Un r\u00e9cit de voyage et d\u2019aventure haut en couleurs du tour du monde de 2015 \u00e0 2019<\/h3>\n<\/div><div class=\"fusion-text fusion-text-12\"><p>D\u2019avril 2015 \u00e0 septembre 2019, de S\u00e9ville \u00e0 S\u00e9ville, le voilier suisse de 33 m\u00a0<em>Fleur de Passion<\/em>\u00a0a sillonn\u00e9 le globe sur les traces de Ferdinand de Magellan dans le cadre de\u00a0<em>The Ocean Mapping Expedition<\/em>, quelque 500 ans apr\u00e8s le premier tour du monde.<\/p>\n<p>Entre impact humain sur les oc\u00e9ans, enjeux de d\u00e9veloppement durable et esprit de vivre ensemble sur un bateau pens\u00e9 comme une m\u00e9taphore de notre plan\u00e8te Terre, ce livre fait le r\u00e9cit doux-amer mais plein d\u2019espoir de cette formidable aventure humaine \u00e0 laquelle ont pris part scientifiques, adolescents en qu\u00eate de nouveaux horizons mais aussi artistes et simples passagers.<\/p>\n<p>Illustr\u00e9 par le travail des vingt dessinatrices et dessinateurs qui ont embarqu\u00e9 \u00ab en r\u00e9sidence \u00bb, il offre un jeu de miroir entre pass\u00e9 et pr\u00e9sent pour penser le monde de demain \u2013 pacifique.<\/p>\n<\/div><div style=\"text-align:center;\"><a class=\"fusion-button button-flat button-xlarge button-custom fusion-button-default button-2 fusion-button-default-span \" style=\"--button_accent_color:#ffffff;--button_border_color:#77b8cd;--button_accent_hover_color:#000000;--button_border_hover_color:#0f3547;--button_border_width-top:0px;--button_border_width-right:0px;--button_border_width-bottom:0px;--button_border_width-left:0px;--button-border-radius-top-left:1px;--button-border-radius-top-right:1px;--button-border-radius-bottom-right:1px;--button-border-radius-bottom-left:1px;--button_gradient_top_color:#0f3547;--button_gradient_bottom_color:#0f3547;--button_gradient_top_color_hover:#77b8cd;--button_gradient_bottom_color_hover:#77b8cd;--button_margin-top:5%;\" target=\"_self\" href=\"https:\/\/pacifique.ch\/artistes\/\"><span class=\"fusion-button-text awb-button__text awb-button__text--default\">D\u00e9couvrir les artistes du livre<\/span><\/a><\/div><\/div><\/div><div class=\"fusion-layout-column fusion_builder_column fusion-builder-column-9 fusion_builder_column_1_2 1_2 fusion-flex-column\" style=\"--awb-bg-size:cover;--awb-width-large:50%;--awb-margin-top-large:0px;--awb-margin-bottom-large:0px;--awb-width-medium:100%;--awb-order-medium:0;--awb-width-small:100%;--awb-order-small:0;\"><div class=\"fusion-column-wrapper fusion-column-has-shadow fusion-flex-justify-content-flex-start fusion-content-layout-column\"><div class=\"fusion-image-element \" style=\"--awb-caption-title-font-family:var(--h2_typography-font-family);--awb-caption-title-font-weight:var(--h2_typography-font-weight);--awb-caption-title-font-style:var(--h2_typography-font-style);--awb-caption-title-size:var(--h2_typography-font-size);--awb-caption-title-transform:var(--h2_typography-text-transform);--awb-caption-title-line-height:var(--h2_typography-line-height);--awb-caption-title-letter-spacing:var(--h2_typography-letter-spacing);\"><span class=\" fusion-imageframe imageframe-none imageframe-2 hover-type-none\" style=\"border-radius:1%;\"><a class=\"fusion-no-lightbox\" href=\"https:\/\/pacifique.ch\/sillages\/\" target=\"_self\" aria-label=\"Livre-Magellan\"><img decoding=\"async\" width=\"1042\" height=\"1042\" src=\"https:\/\/pacifique.ch\/wp-content\/uploads\/2022\/06\/Pacifique-boutique2.jpg\" data-orig-src=\"https:\/\/pacifique.ch\/wp-content\/uploads\/2022\/06\/Pacifique-boutique2.jpg\" class=\"lazyload img-responsive wp-image-9990\" srcset=\"data:image\/svg+xml,%3Csvg%20xmlns%3D%27http%3A%2F%2Fwww.w3.org%2F2000%2Fsvg%27%20width%3D%271042%27%20height%3D%271042%27%20viewBox%3D%270%200%201042%201042%27%3E%3Crect%20width%3D%271042%27%20height%3D%271042%27%20fill-opacity%3D%220%22%2F%3E%3C%2Fsvg%3E\" data-srcset=\"https:\/\/pacifique.ch\/wp-content\/uploads\/2022\/06\/Pacifique-boutique2-200x200.jpg 200w, https:\/\/pacifique.ch\/wp-content\/uploads\/2022\/06\/Pacifique-boutique2-400x400.jpg 400w, https:\/\/pacifique.ch\/wp-content\/uploads\/2022\/06\/Pacifique-boutique2-600x600.jpg 600w, https:\/\/pacifique.ch\/wp-content\/uploads\/2022\/06\/Pacifique-boutique2-800x800.jpg 800w, https:\/\/pacifique.ch\/wp-content\/uploads\/2022\/06\/Pacifique-boutique2.jpg 1042w\" data-sizes=\"auto\" data-orig-sizes=\"(max-width: 1080px) 100vw, (max-width: 640px) 100vw, 800px\" data-orig- alt=\"-pacifique\"><\/a><\/span><\/div><\/div><\/div><\/div><\/div><div class=\"fusion-fullwidth fullwidth-box fusion-builder-row-8 fusion-flex-container nonhundred-percent-fullwidth non-hundred-percent-height-scrolling\" style=\"--awb-border-radius-top-left:0px;--awb-border-radius-top-right:0px;--awb-border-radius-bottom-right:0px;--awb-border-radius-bottom-left:0px;--awb-padding-top:2%;--awb-padding-bottom:2%;--awb-background-color:rgba(0,0,0,0.05);--awb-flex-wrap:wrap;\" ><div class=\"fusion-builder-row fusion-row fusion-flex-align-items-flex-start fusion-flex-content-wrap\" style=\"max-width:calc( 1280px + );margin-left: calc(- \/ 2 );margin-right: calc(- \/ 2 );\"><div class=\"fusion-layout-column fusion_builder_column fusion-builder-column-10 fusion_builder_column_1_2 1_2 fusion-flex-column\" style=\"--awb-bg-size:cover;--awb-width-large:50%;--awb-margin-top-large:0px;--awb-margin-bottom-large:0px;--awb-width-medium:100%;--awb-order-medium:0;--awb-width-small:100%;--awb-order-small:0;\"><div class=\"fusion-column-wrapper fusion-column-has-shadow fusion-flex-justify-content-flex-start fusion-content-layout-column\"><div class=\"fusion-text fusion-text-13 fusion-text-no-margin\" style=\"--awb-margin-bottom:5%;\"><h3>2019 Tarbarly Award Honorable Mention<\/h3>\n<\/div><div class=\"fusion-text fusion-text-14 fusion-text-no-margin\" style=\"--awb-margin-bottom:5%;\"><p>Through images and interviews, experience a bit of this &#8220;adventure within an adventure&#8221;, a literary one, and discover the deep and touching motivations that earned the book this award from the Naval School Alumni Association. This is a very gratifying achievement for Pacifique and all those who participated in the book.<\/p>\n<\/div><div class=\"fusion-video fusion-youtube\" style=\"--awb-max-width:600px;--awb-max-height:360px;--awb-align-self:center;--awb-width:100%;\"><div class=\"video-shortcode\"><div class=\"fluid-width-video-wrapper\" style=\"padding-top:60%;\" ><iframe title=\"YouTube video player 1\" src=\"https:\/\/www.youtube.com\/embed\/YIPnL2xeQHA?wmode=transparent&autoplay=0\" width=\"600\" height=\"360\" allowfullscreen allow=\"autoplay; clipboard-write; encrypted-media; gyroscope; picture-in-picture;\"><\/iframe><\/div><\/div><\/div><\/div><\/div><div class=\"fusion-layout-column fusion_builder_column fusion-builder-column-11 fusion_builder_column_1_2 1_2 fusion-flex-column\" style=\"--awb-bg-size:cover;--awb-width-large:50%;--awb-margin-top-large:0px;--awb-margin-bottom-large:0px;--awb-width-medium:100%;--awb-order-medium:0;--awb-width-small:100%;--awb-order-small:0;\"><div class=\"fusion-column-wrapper fusion-column-has-shadow fusion-flex-justify-content-flex-start fusion-content-layout-column\"><div class=\"fusion-text fusion-text-15\"><h3>Order on line<\/h3>\n<\/div><div class=\"fusion-text fusion-text-16 fusion-text-no-margin\" style=\"--awb-margin-bottom:5%;\"><p>Order your copy of &#8220;Dans le miroir de Magellan&#8221; and travel, at the pace of the Fleur de Passion sailboat, in the footsteps of the famous explorer 500 years after the first circumnavigation of the world.<\/p>\n<\/div><\/div><\/div><\/div><\/div><\/p>\n","protected":false},"excerpt":{"rendered":"","protected":false},"author":4,"featured_media":0,"parent":15563,"menu_order":0,"comment_status":"closed","ping_status":"closed","template":"100-width.php","meta":{"footnotes":""},"class_list":["post-5716","page","type-page","status-publish","hentry"],"_links":{"self":[{"href":"https:\/\/pacifique.ch\/en\/wp-json\/wp\/v2\/pages\/5716","targetHints":{"allow":["GET"]}}],"collection":[{"href":"https:\/\/pacifique.ch\/en\/wp-json\/wp\/v2\/pages"}],"about":[{"href":"https:\/\/pacifique.ch\/en\/wp-json\/wp\/v2\/types\/page"}],"author":[{"embeddable":true,"href":"https:\/\/pacifique.ch\/en\/wp-json\/wp\/v2\/users\/4"}],"replies":[{"embeddable":true,"href":"https:\/\/pacifique.ch\/en\/wp-json\/wp\/v2\/comments?post=5716"}],"version-history":[{"count":3,"href":"https:\/\/pacifique.ch\/en\/wp-json\/wp\/v2\/pages\/5716\/revisions"}],"predecessor-version":[{"id":14925,"href":"https:\/\/pacifique.ch\/en\/wp-json\/wp\/v2\/pages\/5716\/revisions\/14925"}],"up":[{"embeddable":true,"href":"https:\/\/pacifique.ch\/en\/wp-json\/wp\/v2\/pages\/15563"}],"wp:attachment":[{"href":"https:\/\/pacifique.ch\/en\/wp-json\/wp\/v2\/media?parent=5716"}],"curies":[{"name":"wp","href":"https:\/\/api.w.org\/{rel}","templated":true}]}}