{"id":6224,"date":"2020-09-04T20:05:13","date_gmt":"2020-09-04T18:05:13","guid":{"rendered":"https:\/\/fondationpacifique.org\/newsletter\/"},"modified":"2023-02-16T11:18:55","modified_gmt":"2023-02-16T10:18:55","slug":"stay-informed","status":"publish","type":"page","link":"https:\/\/pacifique.ch\/en\/stay-informed\/","title":{"rendered":"Stay informed"},"content":{"rendered":"<div class=\"fusion-fullwidth fullwidth-box fusion-builder-row-1 fusion-flex-container nonhundred-percent-fullwidth non-hundred-percent-height-scrolling textwhite\" style=\"--awb-border-radius-top-left:0px;--awb-border-radius-top-right:0px;--awb-border-radius-bottom-right:0px;--awb-border-radius-bottom-left:0px;--awb-padding-bottom:20px;--awb-padding-right-small:30px;--awb-padding-left-small:30px;--awb-background-color:#0f3547;--awb-flex-wrap:wrap;\" ><div class=\"fusion-builder-row fusion-row fusion-flex-align-items-flex-start fusion-flex-content-wrap\" style=\"max-width:calc( 1280px + );margin-left: calc(- \/ 2 );margin-right: calc(- \/ 2 );\"><div class=\"fusion-layout-column fusion_builder_column fusion-builder-column-0 fusion_builder_column_1_4 1_4 fusion-flex-column\" style=\"--awb-padding-top:25px;--awb-bg-size:cover;--awb-width-large:25%;--awb-margin-top-large:0px;--awb-margin-bottom-large:0px;--awb-width-medium:100%;--awb-order-medium:0;--awb-width-small:100%;--awb-order-small:0;\"><div class=\"fusion-column-wrapper fusion-column-has-shadow fusion-flex-justify-content-flex-start fusion-content-layout-column\"><div class=\"fusion-image-element \" style=\"--awb-caption-title-font-family:var(--h2_typography-font-family);--awb-caption-title-font-weight:var(--h2_typography-font-weight);--awb-caption-title-font-style:var(--h2_typography-font-style);--awb-caption-title-size:var(--h2_typography-font-size);--awb-caption-title-transform:var(--h2_typography-text-transform);--awb-caption-title-line-height:var(--h2_typography-line-height);--awb-caption-title-letter-spacing:var(--h2_typography-letter-spacing);\"><span class=\" fusion-imageframe imageframe-none imageframe-1 hover-type-none\"><img decoding=\"async\" width=\"279\" height=\"300\" title=\"landing-page-newsletter-FP\" src=\"https:\/\/pacifique.ch\/wp-content\/uploads\/2020\/11\/landing-page-newsletter-FP.png\" data-orig-src=\"https:\/\/fondationpacifique.org\/wp-content\/uploads\/2020\/11\/landing-page-newsletter-FP-279x300.png\" class=\"lazyload img-responsive wp-image-6164\" srcset=\"data:image\/svg+xml,%3Csvg%20xmlns%3D%27http%3A%2F%2Fwww.w3.org%2F2000%2Fsvg%27%20width%3D%271639%27%20height%3D%271762%27%20viewBox%3D%270%200%201639%201762%27%3E%3Crect%20width%3D%271639%27%20height%3D%271762%27%20fill-opacity%3D%220%22%2F%3E%3C%2Fsvg%3E\" data-srcset=\"https:\/\/pacifique.ch\/wp-content\/uploads\/2020\/11\/landing-page-newsletter-FP-200x215.png 200w, https:\/\/pacifique.ch\/wp-content\/uploads\/2020\/11\/landing-page-newsletter-FP-400x430.png 400w, https:\/\/pacifique.ch\/wp-content\/uploads\/2020\/11\/landing-page-newsletter-FP-600x645.png 600w, https:\/\/pacifique.ch\/wp-content\/uploads\/2020\/11\/landing-page-newsletter-FP-800x860.png 800w, https:\/\/pacifique.ch\/wp-content\/uploads\/2020\/11\/landing-page-newsletter-FP-1200x1290.png 1200w, https:\/\/pacifique.ch\/wp-content\/uploads\/2020\/11\/landing-page-newsletter-FP.png 1639w\" data-sizes=\"auto\" data-orig-sizes=\"(max-width: 1080px) 100vw, (max-width: 640px) 100vw, 400px\" alt=\"-pacifique\"><\/span><\/div><\/div><\/div><div class=\"fusion-layout-column fusion_builder_column fusion-builder-column-1 fusion_builder_column_1_2 1_2 fusion-flex-column\" style=\"--awb-padding-right-medium:30px;--awb-padding-left-medium:30px;--awb-bg-size:cover;--awb-width-large:50%;--awb-margin-top-large:30px;--awb-margin-bottom-large:0px;--awb-width-medium:100%;--awb-order-medium:0;--awb-width-small:100%;--awb-order-small:0;\"><div class=\"fusion-column-wrapper fusion-column-has-shadow fusion-flex-justify-content-flex-start fusion-content-layout-column\"><div class=\"fusion-title title fusion-title-1 fusion-title-text fusion-title-size-two\" style=\"--awb-text-color:#ffffff;--awb-margin-bottom:0px;--awb-margin-top-small:0px;--awb-margin-right-small:0px;--awb-margin-bottom-small:20px;--awb-margin-left-small:0px;\"><div class=\"title-sep-container title-sep-container-left fusion-no-large-visibility fusion-no-medium-visibility fusion-no-small-visibility\"><div class=\"title-sep sep- sep-solid\" style=\"border-color:#e2e2e2;\"><\/div><\/div><span class=\"awb-title-spacer fusion-no-large-visibility fusion-no-medium-visibility fusion-no-small-visibility\"><\/span><h2 class=\"fusion-title-heading title-heading-left\" style=\"margin:0;\"><h1><em>&#8220;EXPEDITIONS&#8221;<\/em><\/h1><\/h2><span class=\"awb-title-spacer\"><\/span><div class=\"title-sep-container title-sep-container-right\"><div class=\"title-sep sep- sep-solid\" style=\"border-color:#e2e2e2;\"><\/div><\/div><\/div><div class=\"fusion-title title fusion-title-2 fusion-title-text fusion-title-size-div\" style=\"--awb-text-color:#ffffff;--awb-margin-bottom:15px;--awb-margin-top-small:0px;--awb-margin-right-small:0px;--awb-margin-bottom-small:20px;--awb-margin-left-small:0px;--awb-font-size:22px;\"><div class=\"title-sep-container title-sep-container-left fusion-no-large-visibility fusion-no-medium-visibility fusion-no-small-visibility\"><div class=\"title-sep sep- sep-solid\" style=\"border-color:#e2e2e2;\"><\/div><\/div><span class=\"awb-title-spacer fusion-no-large-visibility fusion-no-medium-visibility fusion-no-small-visibility\"><\/span><div class=\"fusion-title-heading title-heading-left title-heading-tag\" style=\"font-family:&quot;Brown-Bold&quot;;font-style:normal;font-weight:400;margin:0;font-size:1em;\"><h3><span style=\"color: #ffffff;\">The Pacifique newsletter<\/span><\/h3><\/div><span class=\"awb-title-spacer\"><\/span><div class=\"title-sep-container title-sep-container-right\"><div class=\"title-sep sep- sep-solid\" style=\"border-color:#e2e2e2;\"><\/div><\/div><\/div><div class=\"fusion-text fusion-text-1\"><p>Register if you want to follow our new adventures in science, education and culture.<br \/>\n(no spam, I promise!) <em>All fields are required*.<\/em><\/p>\n<\/div><div class=\"fusion-text fusion-text-2\"><form class=\"inf-form\" action=\"https:\/\/newsletter.infomaniak.com\/external\/submit\" method=\"post\" target=\"_blank\"><input style=\"display: none;\" name=\"email\" type=\"email\" \/><input name=\"key\" type=\"hidden\" value=\"eyJpdiI6IkZOMVI3TGI0RllsRVdsd3Y5ODJhTGM3T3ZNSE00VDhFNThodkduSzByTlU9IiwidmFsdWUiOiI3V1p6eVk4Z2l3eEhYQlhzTnFlTnUxR3F0d21XT1o2SmlST3FyS1p5cmYwPSIsIm1hYyI6IjUwMjhiNDU1MDgxYmZhYzdhMmNlYWJiYzgzNTRmYmNjOTUwOWEwNTAyMTMzYzI3NTlmMzg3ZGM1NDUxMGMzNjgifQ==\" \/><input name=\"webform_id\" type=\"hidden\" value=\"8818\" \/><\/p>\n<div class=\"inf-main_7eca143caaf49d9e3dc5c04961a314a0\">\n<div class=\"inf-success\" style=\"display: none;\">\n<h4>Votre inscription a \u00e9t\u00e9 enregistr\u00e9e avec succ\u00e8s !<\/h4>\n<p><a class=\"inf-btn\" href=\"#\">\u00ab<\/a><\/p>\n<\/div>\n<div class=\"inf-content\">\n<div class=\"inf-input inf-input-text\" style=\"margin-bottom: 10px;\"><input name=\"inf&#091;1&#093;\" required=\"required\" type=\"text\" placeholder=\"Email*\" data-inf-meta=\"1\" data-inf-error=\"Merci de renseigner une adresse email\" \/><\/div>\n<div class=\"inf-input inf-input-text\" style=\"margin-bottom: 10px;\"><input name=\"inf&#091;2&#093;\" required=\"required\" type=\"text\" placeholder=\"Pr\u00e9nom*\" data-inf-meta=\"2\" data-inf-error=\"Merci d'indiquer votre Pr\u00e9nom\" \/><\/div>\n<div class=\"inf-input inf-input-text\" style=\"margin-bottom: 10px;\"><input name=\"inf&#091;3&#093;\" required=\"required\" type=\"text\" placeholder=\"Nom*\" data-inf-meta=\"3\" data-inf-error=\"Merci d'indiquer votre Nom\" \/><\/div>\n<div class=\"inf-rgpd\" style=\"margin-bottom: 20px;\">Your e-mail address is only used to send you our newsletter and information about our activities. You can use the unsubscribe link in each of our emails at any time.<\/div>\n<div class=\"inf-submit\"><input class=\"fusion-button button-flat button-medium button-custom\" type=\"submit\" value=\"Je m'inscris !\" \/><\/div>\n<\/div>\n<\/div>\n<\/form>\n<\/div><\/div><\/div><div class=\"fusion-layout-column fusion_builder_column fusion-builder-column-2 fusion_builder_column_1_4 1_4 fusion-flex-column\" style=\"--awb-bg-size:cover;--awb-width-large:25%;--awb-margin-top-large:0px;--awb-margin-bottom-large:0px;--awb-width-medium:100%;--awb-order-medium:0;--awb-width-small:100%;--awb-order-small:0;\"><div class=\"fusion-column-wrapper fusion-column-has-shadow fusion-flex-justify-content-flex-start fusion-content-layout-column\"><\/div><\/div><\/div><\/div>\n","protected":false},"excerpt":{"rendered":"","protected":false},"author":4,"featured_media":0,"parent":0,"menu_order":0,"comment_status":"closed","ping_status":"closed","template":"","meta":{"footnotes":""},"class_list":["post-6224","page","type-page","status-publish","hentry"],"_links":{"self":[{"href":"https:\/\/pacifique.ch\/en\/wp-json\/wp\/v2\/pages\/6224","targetHints":{"allow":["GET"]}}],"collection":[{"href":"https:\/\/pacifique.ch\/en\/wp-json\/wp\/v2\/pages"}],"about":[{"href":"https:\/\/pacifique.ch\/en\/wp-json\/wp\/v2\/types\/page"}],"author":[{"embeddable":true,"href":"https:\/\/pacifique.ch\/en\/wp-json\/wp\/v2\/users\/4"}],"replies":[{"embeddable":true,"href":"https:\/\/pacifique.ch\/en\/wp-json\/wp\/v2\/comments?post=6224"}],"version-history":[{"count":0,"href":"https:\/\/pacifique.ch\/en\/wp-json\/wp\/v2\/pages\/6224\/revisions"}],"wp:attachment":[{"href":"https:\/\/pacifique.ch\/en\/wp-json\/wp\/v2\/media?parent=6224"}],"curies":[{"name":"wp","href":"https:\/\/api.w.org\/{rel}","templated":true}]}}