{"id":12184,"date":"2022-09-29T09:51:01","date_gmt":"2022-09-29T07:51:01","guid":{"rendered":"https:\/\/pacifique.ch\/produit\/eng-sillages-n2\/"},"modified":"2023-02-27T14:02:37","modified_gmt":"2023-02-27T13:02:37","slug":"eng-sillages-n2","status":"publish","type":"product","link":"https:\/\/pacifique.ch\/en\/produit\/eng-sillages-n2\/","title":{"rendered":"Sillages n\u00b02"},"content":{"rendered":"<p>&#8220;Sillages&#8221; is an artistic publication of the Makaline and Pacifique which retraces the oceanographic expeditions carried out on board the sailing ships Mauritius and Fleur de Passion.<\/p>\n<p>Imagined by a collective of three artists gathered under the name of Association Makaline, the project consists of a series of annual publications in five volumes gathering authors with singular voices in the fields of drawing and travel literature.<\/p>\n<p>Through various narrative approaches (poetic, fictional or documentary), the project is designed to bring together artists, sailors, young people in disarray, scientists and local populations, in order to bring a different perspective on contemporary themes, while testifying to the multiple questions related to the ecological issues of the 21st century.<\/p>\n<p><em>(Shipping costs from 7 CHF, adjustable according to the total weight of the order on the store)<\/em><\/p>\n","protected":false},"excerpt":{"rendered":"<p class=\"p3\"><strong>Volume 2 of the publication &#8220;Sillages&#8221; is now available!<\/strong><\/p>\n<p>The adventure continues with the artists of the Makaline association who once again take us on a journey with the second issue of &#8220;Sillages&#8221;. Follow the adventures of the <em>Mauritius<\/em> in the Great North in Greenland and the adventures of the sailboat <em>Fleur de Passion<\/em> in 2022.<\/p>\n<p>&nbsp;<\/p>\n<p>The artists who contributed to &#8220;Sillages&#8221; 2 :<\/p>\n<p><em>Matthieu Berthod, Fr\u00e9d\u00e9ric Bott, Jessica Decorvet, Ambroise H\u00e9ritier, Katharina Kreil, Emmanuel Mottu, Prosper Thon.<\/em><\/p>\n<p>With texts by :<\/p>\n<p><em>Victor M. Sarto, Sandrine Pierrefeu, Laura Drompt, Christine Pfammater<\/em><\/p>\n","protected":false},"featured_media":11198,"template":"","meta":[],"product_brand":[],"product_cat":[286],"product_tag":[290],"class_list":{"0":"post-12184","1":"product","2":"type-product","3":"status-publish","4":"has-post-thumbnail","6":"product_cat-publications-en","7":"product_tag-sillages2-en","9":"first","10":"outofstock","11":"shipping-taxable","12":"purchasable","13":"product-type-simple"},"_links":{"self":[{"href":"https:\/\/pacifique.ch\/en\/wp-json\/wp\/v2\/product\/12184","targetHints":{"allow":["GET"]}}],"collection":[{"href":"https:\/\/pacifique.ch\/en\/wp-json\/wp\/v2\/product"}],"about":[{"href":"https:\/\/pacifique.ch\/en\/wp-json\/wp\/v2\/types\/product"}],"wp:featuredmedia":[{"embeddable":true,"href":"https:\/\/pacifique.ch\/en\/wp-json\/wp\/v2\/media\/11198"}],"wp:attachment":[{"href":"https:\/\/pacifique.ch\/en\/wp-json\/wp\/v2\/media?parent=12184"}],"wp:term":[{"taxonomy":"product_brand","embeddable":true,"href":"https:\/\/pacifique.ch\/en\/wp-json\/wp\/v2\/product_brand?post=12184"},{"taxonomy":"product_cat","embeddable":true,"href":"https:\/\/pacifique.ch\/en\/wp-json\/wp\/v2\/product_cat?post=12184"},{"taxonomy":"product_tag","embeddable":true,"href":"https:\/\/pacifique.ch\/en\/wp-json\/wp\/v2\/product_tag?post=12184"}],"curies":[{"name":"wp","href":"https:\/\/api.w.org\/{rel}","templated":true}]}}